{"id":6616,"date":"2020-12-16T12:49:27","date_gmt":"2020-12-16T12:49:27","guid":{"rendered":"https:\/\/dermage.dev-smartkiss.net\/?page_id=6616"},"modified":"2022-03-31T15:43:15","modified_gmt":"2022-03-31T14:43:15","slug":"contacts","status":"publish","type":"page","link":"https:\/\/dermage.pt\/en\/contacts\/","title":{"rendered":"Contacts"},"content":{"rendered":"\n<p><a href=\"https:\/\/dermage.pt\">Cl\u00edncia DermAge<\/a> is located in Avenida Ant\u00f3nio Augusto de Aguiar, Lisbon. You can contact us by phone or via e-mail.<\/p>\n\n\n\n<h4 class=\"wp-block-heading\">About Cl\u00ednica DermAge<\/h4>\n\n\n\n<p><strong>Cl\u00ednica DermAge<\/strong> is a Medical-Surgeon Center, specialized in anti-aging, General Dermatology, and Advanced Aesthetics-Surgery Dermatology.<\/p>\n\n\n\n<p>Alongside, <strong>Cl\u00ednica DermAge\u00a0<\/strong>has also three unities specific to various treatments: Capillary Unit, dedicated to capillary treatments, Vascular Unity, and Weight-loss and Body Modeling Unity.<\/p>\n\n\n\n<h4 class=\"wp-block-heading\">About Dr. Alexandra Os\u00f3rio<\/h4>\n\n\n\n<p>To explain DermAge path is also to let all know my path and evolution as a professional and affectionate by Dermatology and Esthetics \u2013 Alexandra Os\u00f3rio.<\/p>\n\n\n\n<p>The degree in Medicine was just the beginning of a scientific path that is far from being done \u2013 as one learns something new everyday day, and, specially, because Science and Medicine evolve in such a way that all doctors have to be in permanent formation.<\/p>\n\n\n\n<p>Being affectionate by Science and Beauty and above all by aiding people, I consider that being a doctor is a blessing that grants me make people healthier and happier.<\/p>\n\n\n\n<p>This is the sole reason I strongly invested in my formation with specializations and master in Cosmetic Dermatology along with several formations and experiences as doctor and general surgeon (during three years) and cosmetic surgeon.<\/p>\n\n\n\n<p>This clinical experience, allied to scientific investigation developed in the specializations, provides me a holistic vision of the patient, which is crucial to the success of the clinical interventions on dermatology and anti-aging level. This particular field fascinates me and I don\u2019t get tired of keeping investigating and learning about.<\/p>\n\n\n\n<p><\/p>\n","protected":false},"excerpt":{"rendered":"<p>Cl\u00edncia DermAge is located in Avenida Ant\u00f3nio Augusto de Aguiar, Lisbon. You can contact us by phone or via e-mail. About Cl\u00ednica DermAge Cl\u00ednica DermAge is a Medical-Surgeon Center, specialized in anti-aging, General Dermatology, and Advanced Aesthetics-Surgery Dermatology. Alongside, Cl\u00ednica DermAge\u00a0has also three unities specific&#8230;<\/p>\n","protected":false},"author":3,"featured_media":11556,"parent":0,"menu_order":0,"comment_status":"closed","ping_status":"closed","template":"tpl-contact.php","meta":{"_acf_changed":false,"footnotes":""},"class_list":["page","status-publish","has-post-thumbnail"],"acf":[],"yoast_head":"<!-- This site is optimized with the Yoast SEO plugin v26.1.1 - https:\/\/yoast.com\/wordpress\/plugins\/seo\/ -->\n<title>Contacts | DermAge Clinic | Contact us for more information!<\/title>\n<meta name=\"description\" content=\"The DermAge Clinic is located on Avenida Ant\u00f3nio Augusto de Aguiar, Lisbon. You can talk to us through phone contacts or email.\" \/>\n<meta name=\"robots\" content=\"index, follow, max-snippet:-1, max-image-preview:large, max-video-preview:-1\" \/>\n<link rel=\"canonical\" href=\"https:\/\/dermage.pt\/en\/contacts\/\" \/>\n<meta property=\"og:locale\" content=\"en_US\" \/>\n<meta property=\"og:type\" content=\"article\" \/>\n<meta property=\"og:title\" content=\"Contacts | DermAge Clinic | Contact us for more information!\" \/>\n<meta property=\"og:description\" content=\"The DermAge Clinic is located on Avenida Ant\u00f3nio Augusto de Aguiar, Lisbon. You can talk to us through phone contacts or email.\" \/>\n<meta property=\"og:url\" content=\"https:\/\/dermage.pt\/en\/contacts\/\" \/>\n<meta property=\"og:site_name\" content=\"Cl\u00ednica DermAge\" \/>\n<meta property=\"article:publisher\" content=\"https:\/\/www.facebook.com\/ClinicaDermAge\" \/>\n<meta property=\"article:modified_time\" content=\"2022-03-31T14:43:15+00:00\" \/>\n<meta property=\"og:image\" content=\"https:\/\/dermage.pt\/wp-content\/uploads\/contactos-banner.jpg\" \/>\n\t<meta property=\"og:image:width\" content=\"1360\" \/>\n\t<meta property=\"og:image:height\" content=\"460\" \/>\n\t<meta property=\"og:image:type\" content=\"image\/jpeg\" \/>\n<meta name=\"twitter:card\" content=\"summary_large_image\" \/>\n<meta name=\"twitter:label1\" content=\"Est. reading time\" \/>\n\t<meta name=\"twitter:data1\" content=\"2 minutes\" \/>\n<script type=\"application\/ld+json\" class=\"yoast-schema-graph\">{\"@context\":\"https:\/\/schema.org\",\"@graph\":[{\"@type\":\"WebPage\",\"@id\":\"https:\/\/dermage.pt\/en\/contacts\/\",\"url\":\"https:\/\/dermage.pt\/en\/contacts\/\",\"name\":\"Contacts | DermAge Clinic | Contact us for more information!\",\"isPartOf\":{\"@id\":\"https:\/\/dermage.pt\/en\/#website\"},\"primaryImageOfPage\":{\"@id\":\"https:\/\/dermage.pt\/en\/contacts\/#primaryimage\"},\"image\":{\"@id\":\"https:\/\/dermage.pt\/en\/contacts\/#primaryimage\"},\"thumbnailUrl\":\"https:\/\/dermage.pt\/wp-content\/uploads\/bannerdra-03.jpg\",\"datePublished\":\"2020-12-16T12:49:27+00:00\",\"dateModified\":\"2022-03-31T14:43:15+00:00\",\"description\":\"The DermAge Clinic is located on Avenida Ant\u00f3nio Augusto de Aguiar, Lisbon. You can talk to us through phone contacts or email.\",\"breadcrumb\":{\"@id\":\"https:\/\/dermage.pt\/en\/contacts\/#breadcrumb\"},\"inLanguage\":\"en-US\",\"potentialAction\":[{\"@type\":\"ReadAction\",\"target\":[\"https:\/\/dermage.pt\/en\/contacts\/\"]}]},{\"@type\":\"ImageObject\",\"inLanguage\":\"en-US\",\"@id\":\"https:\/\/dermage.pt\/en\/contacts\/#primaryimage\",\"url\":\"https:\/\/dermage.pt\/wp-content\/uploads\/bannerdra-03.jpg\",\"contentUrl\":\"https:\/\/dermage.pt\/wp-content\/uploads\/bannerdra-03.jpg\",\"width\":2500,\"height\":846},{\"@type\":\"BreadcrumbList\",\"@id\":\"https:\/\/dermage.pt\/en\/contacts\/#breadcrumb\",\"itemListElement\":[{\"@type\":\"ListItem\",\"position\":1,\"name\":\"In\u00edcio\",\"item\":\"https:\/\/dermage.pt\/en\/\"},{\"@type\":\"ListItem\",\"position\":2,\"name\":\"Contacts\"}]},{\"@type\":\"WebSite\",\"@id\":\"https:\/\/dermage.pt\/en\/#website\",\"url\":\"https:\/\/dermage.pt\/en\/\",\"name\":\"Cl\u00ednica DermAge\",\"description\":\"Cl\u00ednica de Dermatologia e Rejuvenescimento\",\"publisher\":{\"@id\":\"https:\/\/dermage.pt\/en\/#organization\"},\"potentialAction\":[{\"@type\":\"SearchAction\",\"target\":{\"@type\":\"EntryPoint\",\"urlTemplate\":\"https:\/\/dermage.pt\/en\/?s={search_term_string}\"},\"query-input\":{\"@type\":\"PropertyValueSpecification\",\"valueRequired\":true,\"valueName\":\"search_term_string\"}}],\"inLanguage\":\"en-US\"},{\"@type\":\"Organization\",\"@id\":\"https:\/\/dermage.pt\/en\/#organization\",\"name\":\"Cl\u00ednica DermAge\",\"url\":\"https:\/\/dermage.pt\/en\/\",\"logo\":{\"@type\":\"ImageObject\",\"inLanguage\":\"en-US\",\"@id\":\"https:\/\/dermage.pt\/en\/#\/schema\/logo\/image\/\",\"url\":\"https:\/\/dermage.pt\/wp-content\/uploads\/logo-principal.svg\",\"contentUrl\":\"https:\/\/dermage.pt\/wp-content\/uploads\/logo-principal.svg\",\"width\":1,\"height\":1,\"caption\":\"Cl\u00ednica DermAge\"},\"image\":{\"@id\":\"https:\/\/dermage.pt\/en\/#\/schema\/logo\/image\/\"},\"sameAs\":[\"https:\/\/www.facebook.com\/ClinicaDermAge\",\"https:\/\/www.instagram.com\/clinicadermage\/\",\"https:\/\/www.youtube.com\/user\/videosDERMAGE\"]}]}<\/script>\n<!-- \/ Yoast SEO plugin. -->","yoast_head_json":{"title":"Contacts | DermAge Clinic | Contact us for more information!","description":"The DermAge Clinic is located on Avenida Ant\u00f3nio Augusto de Aguiar, Lisbon. You can talk to us through phone contacts or email.","robots":{"index":"index","follow":"follow","max-snippet":"max-snippet:-1","max-image-preview":"max-image-preview:large","max-video-preview":"max-video-preview:-1"},"canonical":"https:\/\/dermage.pt\/en\/contacts\/","og_locale":"en_US","og_type":"article","og_title":"Contacts | DermAge Clinic | Contact us for more information!","og_description":"The DermAge Clinic is located on Avenida Ant\u00f3nio Augusto de Aguiar, Lisbon. You can talk to us through phone contacts or email.","og_url":"https:\/\/dermage.pt\/en\/contacts\/","og_site_name":"Cl\u00ednica DermAge","article_publisher":"https:\/\/www.facebook.com\/ClinicaDermAge","article_modified_time":"2022-03-31T14:43:15+00:00","og_image":[{"width":1360,"height":460,"url":"https:\/\/dermage.pt\/wp-content\/uploads\/contactos-banner.jpg","type":"image\/jpeg"}],"twitter_card":"summary_large_image","twitter_misc":{"Est. reading time":"2 minutes"},"schema":{"@context":"https:\/\/schema.org","@graph":[{"@type":"WebPage","@id":"https:\/\/dermage.pt\/en\/contacts\/","url":"https:\/\/dermage.pt\/en\/contacts\/","name":"Contacts | DermAge Clinic | Contact us for more information!","isPartOf":{"@id":"https:\/\/dermage.pt\/en\/#website"},"primaryImageOfPage":{"@id":"https:\/\/dermage.pt\/en\/contacts\/#primaryimage"},"image":{"@id":"https:\/\/dermage.pt\/en\/contacts\/#primaryimage"},"thumbnailUrl":"https:\/\/dermage.pt\/wp-content\/uploads\/bannerdra-03.jpg","datePublished":"2020-12-16T12:49:27+00:00","dateModified":"2022-03-31T14:43:15+00:00","description":"The DermAge Clinic is located on Avenida Ant\u00f3nio Augusto de Aguiar, Lisbon. You can talk to us through phone contacts or email.","breadcrumb":{"@id":"https:\/\/dermage.pt\/en\/contacts\/#breadcrumb"},"inLanguage":"en-US","potentialAction":[{"@type":"ReadAction","target":["https:\/\/dermage.pt\/en\/contacts\/"]}]},{"@type":"ImageObject","inLanguage":"en-US","@id":"https:\/\/dermage.pt\/en\/contacts\/#primaryimage","url":"https:\/\/dermage.pt\/wp-content\/uploads\/bannerdra-03.jpg","contentUrl":"https:\/\/dermage.pt\/wp-content\/uploads\/bannerdra-03.jpg","width":2500,"height":846},{"@type":"BreadcrumbList","@id":"https:\/\/dermage.pt\/en\/contacts\/#breadcrumb","itemListElement":[{"@type":"ListItem","position":1,"name":"In\u00edcio","item":"https:\/\/dermage.pt\/en\/"},{"@type":"ListItem","position":2,"name":"Contacts"}]},{"@type":"WebSite","@id":"https:\/\/dermage.pt\/en\/#website","url":"https:\/\/dermage.pt\/en\/","name":"Cl\u00ednica DermAge","description":"Cl\u00ednica de Dermatologia e Rejuvenescimento","publisher":{"@id":"https:\/\/dermage.pt\/en\/#organization"},"potentialAction":[{"@type":"SearchAction","target":{"@type":"EntryPoint","urlTemplate":"https:\/\/dermage.pt\/en\/?s={search_term_string}"},"query-input":{"@type":"PropertyValueSpecification","valueRequired":true,"valueName":"search_term_string"}}],"inLanguage":"en-US"},{"@type":"Organization","@id":"https:\/\/dermage.pt\/en\/#organization","name":"Cl\u00ednica DermAge","url":"https:\/\/dermage.pt\/en\/","logo":{"@type":"ImageObject","inLanguage":"en-US","@id":"https:\/\/dermage.pt\/en\/#\/schema\/logo\/image\/","url":"https:\/\/dermage.pt\/wp-content\/uploads\/logo-principal.svg","contentUrl":"https:\/\/dermage.pt\/wp-content\/uploads\/logo-principal.svg","width":1,"height":1,"caption":"Cl\u00ednica DermAge"},"image":{"@id":"https:\/\/dermage.pt\/en\/#\/schema\/logo\/image\/"},"sameAs":["https:\/\/www.facebook.com\/ClinicaDermAge","https:\/\/www.instagram.com\/clinicadermage\/","https:\/\/www.youtube.com\/user\/videosDERMAGE"]}]}},"_links":{"self":[{"href":"https:\/\/dermage.pt\/en\/wp-json\/wp\/v2\/pages\/6616","targetHints":{"allow":["GET"]}}],"collection":[{"href":"https:\/\/dermage.pt\/en\/wp-json\/wp\/v2\/pages"}],"about":[{"href":"https:\/\/dermage.pt\/en\/wp-json\/wp\/v2\/types\/page"}],"author":[{"embeddable":true,"href":"https:\/\/dermage.pt\/en\/wp-json\/wp\/v2\/users\/3"}],"replies":[{"embeddable":true,"href":"https:\/\/dermage.pt\/en\/wp-json\/wp\/v2\/comments?post=6616"}],"version-history":[{"count":2,"href":"https:\/\/dermage.pt\/en\/wp-json\/wp\/v2\/pages\/6616\/revisions"}],"predecessor-version":[{"id":10582,"href":"https:\/\/dermage.pt\/en\/wp-json\/wp\/v2\/pages\/6616\/revisions\/10582"}],"wp:featuredmedia":[{"embeddable":true,"href":"https:\/\/dermage.pt\/en\/wp-json\/wp\/v2\/media\/11556"}],"wp:attachment":[{"href":"https:\/\/dermage.pt\/en\/wp-json\/wp\/v2\/media?parent=6616"}],"curies":[{"name":"wp","href":"https:\/\/api.w.org\/{rel}","templated":true}]}}