{"id":10156,"date":"2022-03-30T09:30:45","date_gmt":"2022-03-30T09:30:45","guid":{"rendered":"https:\/\/dermage.dev-smartkiss.net\/?page_id=10156"},"modified":"2022-03-30T09:41:30","modified_gmt":"2022-03-30T09:41:30","slug":"politique-de-cookies","status":"publish","type":"page","link":"https:\/\/dermage.pt\/fr\/politique-de-cookies\/","title":{"rendered":"Politique de Cookies"},"content":{"rendered":"\n<p>Saiba mais sobre a nossa pol\u00edtica de cookies.<\/p>\n\n<h3 class=\"wp-block-heading\">O que s\u00e3o?<\/h3>\n\n<p>Os cookies s\u00e3o utilizados para armazenar informa\u00e7\u00e3o, tais como as suas prefer\u00eancias quando visita o nosso website. Um cookie \u00e9 uma sequ\u00eancia de informa\u00e7\u00f5es em texto que um site transfere para o arquivo cookie do browser no disco r\u00edgido do seu computador, permitindo que o site consiga se lembrar de quem voc\u00ea \u00e9. Cookies ajudam um site a organizar conte\u00fado para se adequar mais rapidamente aos seus interesses \u2013 a maioria dos principais sites utilizam cookies. Sozinhos, os cookies n\u00e3o podem ser utilizados para identific\u00e1-lo.<\/p>\n\n<p>No entanto, isso pode de alguma forma alterar a forma de intera\u00e7\u00e3o com o nosso website, ou outros websites. Estas a\u00e7\u00f5es podem afetar ou n\u00e3o permitir que fa\u00e7a logins em softwares, sites da nossa e de outras redes.<\/p>\n\n<h3 class=\"wp-block-heading\">Que tipos existem?<\/h3>\n\n<ul class=\"wp-block-list\"><li><strong>Cookies pr\u00f3prios:<\/strong> um cookie gerido por este dom\u00ednio \/ website;<\/li><li><strong>Cookies de terceiros:<\/strong> um cookie gerido por outro dom\u00ednio \/ website;<\/li><li><strong>Cookies persistentes:<\/strong> a informa\u00e7\u00e3o do cookie encontra-se armazenada de forma permanente no seu equipamento;<\/li><li><strong>Cookies de sess\u00e3o:<\/strong> a informa\u00e7\u00e3o do cookie n\u00e3o se encontra armazenada de forma permanente no seu equipamento.<\/li><\/ul>\n<h3 class=\"wp-block-heading\">Que cookies s\u00e3o utilizados pela Cl\u00ednica DermAge?<\/h3>\n\n<p>A Cl\u00ednica DermAge usa cookies de sess\u00e3o (\u201csession cookies\u201d) e cookies pr\u00f3prios (\u201cfirst-party cookies\u201d) bem como cookies persistentes (\u201cpersistent cookies\u201d) e cookies de terceiros (\u201cthird-party cookies\u201d).<\/p>\n\n<p>Tipos de cookies consoante a finalidade de utiliza\u00e7\u00e3o:<\/p>\n\n<ul class=\"wp-block-list\"><li><strong>Cookies t\u00e9cnicos:<\/strong> s\u00e3o aqueles que permitem navegar atrav\u00e9s de um dom\u00ednio \/ website, utilizando as diferentes op\u00e7\u00f5es ou servi\u00e7os como, por exemplo, identificar a sess\u00e3o, aceder a \u00e1reas de acesso restrito e realizar o processo de um pedido de compra;<\/li><li><strong>Cookies de personaliza\u00e7\u00e3o:<\/strong> s\u00e3o aqueles que permitem aceder ao dom\u00ednio \/ website com algumas caracter\u00edsticas predefinidos em fun\u00e7\u00e3o de um conjunto de decis\u00f5es tomadas, como por exemplo a l\u00edngua utilizada;<\/li><li><strong>Cookies de an\u00e1lise:<\/strong> s\u00e3o aqueles que permitem a monitoriza\u00e7\u00e3o e an\u00e1lise do comportamento dos utilizadores de websites aos quais est\u00e3o vinculados. A informa\u00e7\u00e3o recolhida atrav\u00e9s de tais cookies \u00e9 usada, por exemplo, para medir a atividade dos websites e elaborar perfis de navega\u00e7\u00e3o;<\/li><li><strong>Cookies publicit\u00e1rios:<\/strong> s\u00e3o aqueles que permitem a gest\u00e3o da forma mais eficiente de espa\u00e7os publicit\u00e1rios com base em crit\u00e9rios como o conte\u00fado editado ou a frequ\u00eancia em que os an\u00fancios s\u00e3o exibidos;<\/li><li><strong>Cookies de publicidade comportamental:<\/strong> s\u00e3o aqueles que permitem a gest\u00e3o da forma mais eficaz poss\u00edvel de espa\u00e7os publicit\u00e1rios. Estes cookies armazenam informa\u00e7\u00f5es sobre o comportamento do utilizador, obtidas atrav\u00e9s da observa\u00e7\u00e3o cont\u00ednua dos seus h\u00e1bitos de navega\u00e7\u00e3o, permitindo desenvolver um perfil espec\u00edfico para exibir an\u00fancios com base neste.<\/li><\/ul>\n<p>A Cl\u00ednica DermAge usa Cookies t\u00e9cnicos, Cookies de personaliza\u00e7\u00e3o e Cookies de an\u00e1lise; n\u00e3o usa Cookies publicit\u00e1rios nem Cookies de publicidade comportamental.<\/p>\n\n<p>A informa\u00e7\u00e3o relativa aos cookies \u00e9 controlada e acedida pelo propriet\u00e1rio do website.<\/p>\n\n<figure class=\"wp-block-table\"><table><thead><tr><th>Nome do Cookie<\/th><th>Finalidade<\/th><th>Dura\u00e7\u00e3o<\/th><th>Dom\u00ednio<\/th><th>Tipo<\/th><\/tr><\/thead><tbody><tr><td>_ga<\/td><td>Cookie usado pelo o software Google Analytics para distinguir utilizadores \u00fanicos para recolher dados b\u00e1sicos sobre ele mesmo e o website.<\/td><td>2 Anos<\/td><td>dermage.pt<\/td><td>An\u00e1lise<\/td><\/tr><tr><td>_gat<\/td><td>Cookie usado pelo o software Google Analytics para limitar o n\u00famero de pedidos a um website; para limitar a recolha de dados.<\/td><td>10 Minutos<\/td><td>dermage.pt<\/td><td>Performance<\/td><\/tr><tr><td>_gid<\/td><td>Novo cookie de primavera de 2017, usado pelo a aplica\u00e7\u00e3o Google Analytics para guardar um valor especial para cada p\u00e1gina visitada dentro de um website.<\/td><td>24 Horas<\/td><td>dermage.pt<\/td><td>An\u00e1lise<\/td><\/tr><tr><td>uvc<\/td><td>Cookie usado pelo o servi\u00e7o Add To Any. Serve para contar as vezes que o servi\u00e7o encontra o utilizador no mesmo website.<\/td><td>1 M\u00eas<\/td><td>addtoany.com<\/td><td>An\u00e1lise<\/td><\/tr><\/tbody><\/table><\/figure>\n<p>Al\u00e9m dos cookies, algumas das nossas p\u00e1ginas na internet e mensagens HTML integram \u201cpixel tags\u201d (marcadores) que nos permitem seguir os passos dos utilizadores nos nossos sites e dos destinat\u00e1rios das nossas comunica\u00e7\u00f5es. Estes marcadores s\u00e3o utilizados para recolher dados, n\u00e3o identific\u00e1veis como pessoais e outras informa\u00e7\u00f5es que podem ser utilizadas para melhorar os servi\u00e7os que oferecemos a quem nos visita.<\/p>\n\n<p>Leia a nossa <a href=\"https:\/\/dermage.pt\/politica-de-privacidade\/\">pol\u00edtica de privacidade<\/a>.<\/p>\n","protected":false},"excerpt":{"rendered":"<p>Saiba mais sobre a nossa pol\u00edtica de cookies. O que s\u00e3o? Os cookies s\u00e3o utilizados para armazenar informa\u00e7\u00e3o, tais como as suas prefer\u00eancias quando visita o nosso website. Um cookie \u00e9 uma sequ\u00eancia de informa\u00e7\u00f5es em texto que um site transfere para o arquivo cookie&#8230;<\/p>\n","protected":false},"author":3,"featured_media":5842,"parent":0,"menu_order":0,"comment_status":"closed","ping_status":"closed","template":"","meta":{"_acf_changed":false,"footnotes":""},"class_list":["page","status-publish","has-post-thumbnail"],"acf":[],"yoast_head":"<!-- This site is optimized with the Yoast SEO plugin v26.1.1 - https:\/\/yoast.com\/wordpress\/plugins\/seo\/ -->\n<title>Politique de Cookies | Cl\u00ednica DermAge | Conna\u00eetre notre Clinique!<\/title>\n<meta name=\"description\" content=\"Politique de Cookies: Les cookies sont utilis\u00e9s pour stocker des informations telles que vos pr\u00e9f\u00e9rences lorsque vous visitez notre site web.\" \/>\n<meta name=\"robots\" content=\"index, follow, max-snippet:-1, max-image-preview:large, max-video-preview:-1\" \/>\n<link rel=\"canonical\" href=\"https:\/\/dermage.pt\/fr\/politique-de-cookies\/\" \/>\n<meta property=\"og:locale\" content=\"fr_FR\" \/>\n<meta property=\"og:type\" content=\"article\" \/>\n<meta property=\"og:title\" content=\"Politique de Cookies | Cl\u00ednica DermAge | Conna\u00eetre notre Clinique!\" \/>\n<meta property=\"og:description\" content=\"Politique de Cookies: Les cookies sont utilis\u00e9s pour stocker des informations telles que vos pr\u00e9f\u00e9rences lorsque vous visitez notre site web.\" \/>\n<meta property=\"og:url\" content=\"https:\/\/dermage.pt\/fr\/politique-de-cookies\/\" \/>\n<meta property=\"og:site_name\" content=\"Cl\u00ednica DermAge\" \/>\n<meta property=\"article:publisher\" content=\"https:\/\/www.facebook.com\/ClinicaDermAge\" \/>\n<meta property=\"article:modified_time\" content=\"2022-03-30T09:41:30+00:00\" \/>\n<meta property=\"og:image\" content=\"https:\/\/dermage.pt\/wp-content\/uploads\/politica-privacidade-banner.jpg\" \/>\n\t<meta property=\"og:image:width\" content=\"1360\" \/>\n\t<meta property=\"og:image:height\" content=\"460\" \/>\n\t<meta property=\"og:image:type\" content=\"image\/jpeg\" \/>\n<meta name=\"twitter:card\" content=\"summary_large_image\" \/>\n<meta name=\"twitter:label1\" content=\"Dur\u00e9e de lecture estim\u00e9e\" \/>\n\t<meta name=\"twitter:data1\" content=\"4 minutes\" \/>\n<script type=\"application\/ld+json\" class=\"yoast-schema-graph\">{\"@context\":\"https:\/\/schema.org\",\"@graph\":[{\"@type\":\"WebPage\",\"@id\":\"https:\/\/dermage.pt\/fr\/politique-de-cookies\/\",\"url\":\"https:\/\/dermage.pt\/fr\/politique-de-cookies\/\",\"name\":\"Politique de Cookies | Cl\u00ednica DermAge | Conna\u00eetre notre Clinique!\",\"isPartOf\":{\"@id\":\"https:\/\/dermage.pt\/fr\/#website\"},\"primaryImageOfPage\":{\"@id\":\"https:\/\/dermage.pt\/fr\/politique-de-cookies\/#primaryimage\"},\"image\":{\"@id\":\"https:\/\/dermage.pt\/fr\/politique-de-cookies\/#primaryimage\"},\"thumbnailUrl\":\"https:\/\/dermage.pt\/wp-content\/uploads\/politica-privacidade-banner.jpg\",\"datePublished\":\"2022-03-30T09:30:45+00:00\",\"dateModified\":\"2022-03-30T09:41:30+00:00\",\"description\":\"Politique de Cookies: Les cookies sont utilis\u00e9s pour stocker des informations telles que vos pr\u00e9f\u00e9rences lorsque vous visitez notre site web.\",\"breadcrumb\":{\"@id\":\"https:\/\/dermage.pt\/fr\/politique-de-cookies\/#breadcrumb\"},\"inLanguage\":\"fr-FR\",\"potentialAction\":[{\"@type\":\"ReadAction\",\"target\":[\"https:\/\/dermage.pt\/fr\/politique-de-cookies\/\"]}]},{\"@type\":\"ImageObject\",\"inLanguage\":\"fr-FR\",\"@id\":\"https:\/\/dermage.pt\/fr\/politique-de-cookies\/#primaryimage\",\"url\":\"https:\/\/dermage.pt\/wp-content\/uploads\/politica-privacidade-banner.jpg\",\"contentUrl\":\"https:\/\/dermage.pt\/wp-content\/uploads\/politica-privacidade-banner.jpg\",\"width\":1360,\"height\":460,\"caption\":\"Politique de Confidentialit\u00e9\"},{\"@type\":\"BreadcrumbList\",\"@id\":\"https:\/\/dermage.pt\/fr\/politique-de-cookies\/#breadcrumb\",\"itemListElement\":[{\"@type\":\"ListItem\",\"position\":1,\"name\":\"In\u00edcio\",\"item\":\"https:\/\/dermage.pt\/fr\/\"},{\"@type\":\"ListItem\",\"position\":2,\"name\":\"Politique de Cookies\"}]},{\"@type\":\"WebSite\",\"@id\":\"https:\/\/dermage.pt\/fr\/#website\",\"url\":\"https:\/\/dermage.pt\/fr\/\",\"name\":\"Cl\u00ednica DermAge\",\"description\":\"Cl\u00ednica de Dermatologia e Rejuvenescimento\",\"publisher\":{\"@id\":\"https:\/\/dermage.pt\/fr\/#organization\"},\"potentialAction\":[{\"@type\":\"SearchAction\",\"target\":{\"@type\":\"EntryPoint\",\"urlTemplate\":\"https:\/\/dermage.pt\/fr\/?s={search_term_string}\"},\"query-input\":{\"@type\":\"PropertyValueSpecification\",\"valueRequired\":true,\"valueName\":\"search_term_string\"}}],\"inLanguage\":\"fr-FR\"},{\"@type\":\"Organization\",\"@id\":\"https:\/\/dermage.pt\/fr\/#organization\",\"name\":\"Cl\u00ednica DermAge\",\"url\":\"https:\/\/dermage.pt\/fr\/\",\"logo\":{\"@type\":\"ImageObject\",\"inLanguage\":\"fr-FR\",\"@id\":\"https:\/\/dermage.pt\/fr\/#\/schema\/logo\/image\/\",\"url\":\"https:\/\/dermage.pt\/wp-content\/uploads\/logo-principal.svg\",\"contentUrl\":\"https:\/\/dermage.pt\/wp-content\/uploads\/logo-principal.svg\",\"width\":1,\"height\":1,\"caption\":\"Cl\u00ednica DermAge\"},\"image\":{\"@id\":\"https:\/\/dermage.pt\/fr\/#\/schema\/logo\/image\/\"},\"sameAs\":[\"https:\/\/www.facebook.com\/ClinicaDermAge\",\"https:\/\/www.instagram.com\/clinicadermage\/\",\"https:\/\/www.youtube.com\/user\/videosDERMAGE\"]}]}<\/script>\n<!-- \/ Yoast SEO plugin. -->","yoast_head_json":{"title":"Politique de Cookies | Cl\u00ednica DermAge | Conna\u00eetre notre Clinique!","description":"Politique de Cookies: Les cookies sont utilis\u00e9s pour stocker des informations telles que vos pr\u00e9f\u00e9rences lorsque vous visitez notre site web.","robots":{"index":"index","follow":"follow","max-snippet":"max-snippet:-1","max-image-preview":"max-image-preview:large","max-video-preview":"max-video-preview:-1"},"canonical":"https:\/\/dermage.pt\/fr\/politique-de-cookies\/","og_locale":"fr_FR","og_type":"article","og_title":"Politique de Cookies | Cl\u00ednica DermAge | Conna\u00eetre notre Clinique!","og_description":"Politique de Cookies: Les cookies sont utilis\u00e9s pour stocker des informations telles que vos pr\u00e9f\u00e9rences lorsque vous visitez notre site web.","og_url":"https:\/\/dermage.pt\/fr\/politique-de-cookies\/","og_site_name":"Cl\u00ednica DermAge","article_publisher":"https:\/\/www.facebook.com\/ClinicaDermAge","article_modified_time":"2022-03-30T09:41:30+00:00","og_image":[{"width":1360,"height":460,"url":"https:\/\/dermage.pt\/wp-content\/uploads\/politica-privacidade-banner.jpg","type":"image\/jpeg"}],"twitter_card":"summary_large_image","twitter_misc":{"Dur\u00e9e de lecture estim\u00e9e":"4 minutes"},"schema":{"@context":"https:\/\/schema.org","@graph":[{"@type":"WebPage","@id":"https:\/\/dermage.pt\/fr\/politique-de-cookies\/","url":"https:\/\/dermage.pt\/fr\/politique-de-cookies\/","name":"Politique de Cookies | Cl\u00ednica DermAge | Conna\u00eetre notre Clinique!","isPartOf":{"@id":"https:\/\/dermage.pt\/fr\/#website"},"primaryImageOfPage":{"@id":"https:\/\/dermage.pt\/fr\/politique-de-cookies\/#primaryimage"},"image":{"@id":"https:\/\/dermage.pt\/fr\/politique-de-cookies\/#primaryimage"},"thumbnailUrl":"https:\/\/dermage.pt\/wp-content\/uploads\/politica-privacidade-banner.jpg","datePublished":"2022-03-30T09:30:45+00:00","dateModified":"2022-03-30T09:41:30+00:00","description":"Politique de Cookies: Les cookies sont utilis\u00e9s pour stocker des informations telles que vos pr\u00e9f\u00e9rences lorsque vous visitez notre site web.","breadcrumb":{"@id":"https:\/\/dermage.pt\/fr\/politique-de-cookies\/#breadcrumb"},"inLanguage":"fr-FR","potentialAction":[{"@type":"ReadAction","target":["https:\/\/dermage.pt\/fr\/politique-de-cookies\/"]}]},{"@type":"ImageObject","inLanguage":"fr-FR","@id":"https:\/\/dermage.pt\/fr\/politique-de-cookies\/#primaryimage","url":"https:\/\/dermage.pt\/wp-content\/uploads\/politica-privacidade-banner.jpg","contentUrl":"https:\/\/dermage.pt\/wp-content\/uploads\/politica-privacidade-banner.jpg","width":1360,"height":460,"caption":"Politique de Confidentialit\u00e9"},{"@type":"BreadcrumbList","@id":"https:\/\/dermage.pt\/fr\/politique-de-cookies\/#breadcrumb","itemListElement":[{"@type":"ListItem","position":1,"name":"In\u00edcio","item":"https:\/\/dermage.pt\/fr\/"},{"@type":"ListItem","position":2,"name":"Politique de Cookies"}]},{"@type":"WebSite","@id":"https:\/\/dermage.pt\/fr\/#website","url":"https:\/\/dermage.pt\/fr\/","name":"Cl\u00ednica DermAge","description":"Cl\u00ednica de Dermatologia e Rejuvenescimento","publisher":{"@id":"https:\/\/dermage.pt\/fr\/#organization"},"potentialAction":[{"@type":"SearchAction","target":{"@type":"EntryPoint","urlTemplate":"https:\/\/dermage.pt\/fr\/?s={search_term_string}"},"query-input":{"@type":"PropertyValueSpecification","valueRequired":true,"valueName":"search_term_string"}}],"inLanguage":"fr-FR"},{"@type":"Organization","@id":"https:\/\/dermage.pt\/fr\/#organization","name":"Cl\u00ednica DermAge","url":"https:\/\/dermage.pt\/fr\/","logo":{"@type":"ImageObject","inLanguage":"fr-FR","@id":"https:\/\/dermage.pt\/fr\/#\/schema\/logo\/image\/","url":"https:\/\/dermage.pt\/wp-content\/uploads\/logo-principal.svg","contentUrl":"https:\/\/dermage.pt\/wp-content\/uploads\/logo-principal.svg","width":1,"height":1,"caption":"Cl\u00ednica DermAge"},"image":{"@id":"https:\/\/dermage.pt\/fr\/#\/schema\/logo\/image\/"},"sameAs":["https:\/\/www.facebook.com\/ClinicaDermAge","https:\/\/www.instagram.com\/clinicadermage\/","https:\/\/www.youtube.com\/user\/videosDERMAGE"]}]}},"_links":{"self":[{"href":"https:\/\/dermage.pt\/fr\/wp-json\/wp\/v2\/pages\/10156","targetHints":{"allow":["GET"]}}],"collection":[{"href":"https:\/\/dermage.pt\/fr\/wp-json\/wp\/v2\/pages"}],"about":[{"href":"https:\/\/dermage.pt\/fr\/wp-json\/wp\/v2\/types\/page"}],"author":[{"embeddable":true,"href":"https:\/\/dermage.pt\/fr\/wp-json\/wp\/v2\/users\/3"}],"replies":[{"embeddable":true,"href":"https:\/\/dermage.pt\/fr\/wp-json\/wp\/v2\/comments?post=10156"}],"version-history":[{"count":3,"href":"https:\/\/dermage.pt\/fr\/wp-json\/wp\/v2\/pages\/10156\/revisions"}],"predecessor-version":[{"id":10161,"href":"https:\/\/dermage.pt\/fr\/wp-json\/wp\/v2\/pages\/10156\/revisions\/10161"}],"wp:featuredmedia":[{"embeddable":true,"href":"https:\/\/dermage.pt\/fr\/wp-json\/wp\/v2\/media\/5842"}],"wp:attachment":[{"href":"https:\/\/dermage.pt\/fr\/wp-json\/wp\/v2\/media?parent=10156"}],"curies":[{"name":"wp","href":"https:\/\/api.w.org\/{rel}","templated":true}]}}