{"id":7303,"date":"2021-01-05T12:39:39","date_gmt":"2021-01-05T12:39:39","guid":{"rendered":"https:\/\/dermage.dev-smartkiss.net\/?page_id=7303"},"modified":"2022-03-30T08:47:06","modified_gmt":"2022-03-30T08:47:06","slug":"alexandra-osorio","status":"publish","type":"page","link":"https:\/\/dermage.pt\/fr\/alexandra-osorio\/","title":{"rendered":"Alexandra Os\u00f3rio"},"content":{"rendered":"\n<p><strong>Abou Docteur Alexandra Os\u00f3rio<\/strong><br>Elle d\u00e9coule de l\u2019\u00e9volution en tant que professionnelle et passionn\u00e9e dans le domaine de la dermatologie et de l\u2019esth\u00e9tique du Dr Alexandra Os\u00f3rio.<br>Sa formation en m\u00e9decine n\u2019est que le d\u00e9but d\u2019un parcours scientifique encore loin d\u2019\u00eatre termin\u00e9. C\u2019est parce que vous apprenez toute votre vie et, surtout, parce que la science et la m\u00e9decine sont en constante \u00e9volution. Puisque tous les m\u00e9decins doivent \u00eatre en formation permanente.<br>Sa formation en m\u00e9decine n\u2019est que le d\u00e9but d\u2019un parcours scientifique encore loin d\u2019\u00eatre termin\u00e9. C\u2019est parce que vous apprenez toute votre vie et, surtout, parce que la science et la m\u00e9decine sont en constante \u00e9volution. Puisque tous les m\u00e9decins doivent \u00eatre en formation permanente. Elle est passionn\u00e9e par la science et la beaut\u00e9 et particuli\u00e8rement passionn\u00e9e par l\u2019aide aux gens. Elle consid\u00e8re qu\u2019\u00eatre m\u00e9decin est un cadeau qui permet de rendre les gens plus sains et identiquement plus heureux.<br>C\u2019est la raison pour laquelle il a beaucoup investi dans sa formation, avec la sp\u00e9cialisation et la ma\u00eetrise en dermatologie esth\u00e9tique. En ce sens, il a \u00e9galement investi dans diverses formations et diverses exp\u00e9riences en tant que m\u00e9decin et en chirurgie g\u00e9n\u00e9rale (il a \u00e9t\u00e9 pendant trois ans chirurgien g\u00e9n\u00e9ral) et chirurgien esth\u00e9tique.<br>Cette exp\u00e9rience clinique, combin\u00e9e \u00e0 la recherche scientifique qui a \u00e9t\u00e9 d\u00e9velopp\u00e9e dans le domaine des sp\u00e9cialisations, donne une vision holistique du patient, ce qui est absolument vital pour le succ\u00e8s des interventions cliniques, non seulement au niveau de la dermatologie, mais aussi de l\u2019anti-vieillissement. Il est juste de dire qu\u2019il s\u2019agit d\u2019un domaine scientifique qui fascine, et en ce sens, c\u2019est un domaine dans lequel il ne se lasse pas d\u2019\u00e9tudier, ainsi que, l\u2019apprentissage.<\/p>\n\n\n\n<p><strong>\u00c0 propos de DermAge Clinic<\/strong><br>Il s\u2019agit d\u2019un centre m\u00e9dical-chirurgical sp\u00e9cialis\u00e9 non seulement dans l\u2019anti-vieillissement, la dermatologie g\u00e9n\u00e9rale, mais aussi dans la dermatologie esth\u00e9tique-chirurgicale avanc\u00e9e.<br>Ainsi, parall\u00e8lement \u00e0 ces valences, la Clinique DermAge dispose \u00e9galement de trois unit\u00e9s sp\u00e9cifiques pour diff\u00e9rents types de traitements : l\u2019Unit\u00e9 Capillaire, d\u00e9di\u00e9e aux traitements capillaires, l\u2019Unit\u00e9 Vasculaire et l\u2019Unit\u00e9 d\u00e9di\u00e9e \u00e0 l\u2019Amaigrissement et \u00e0 la Mod\u00e9lisation corporelle.<\/p>\n\n\n\n<p>Expliquer le parcours de DermAge expose \u00e9galement toute ma carri\u00e8re et mon \u00e9volution en tant que professionnel et passionn\u00e9 du domaine de la Dermatologie et de l\u2019Esth\u00e9tique.<\/p>\n","protected":false},"excerpt":{"rendered":"<p>Abou Docteur Alexandra Os\u00f3rioElle d\u00e9coule de l\u2019\u00e9volution en tant que professionnelle et passionn\u00e9e dans le domaine de la dermatologie et de l\u2019esth\u00e9tique du Dr Alexandra Os\u00f3rio.Sa formation en m\u00e9decine n\u2019est que le d\u00e9but d\u2019un parcours scientifique encore loin d\u2019\u00eatre termin\u00e9. C\u2019est parce que vous apprenez&#8230;<\/p>\n","protected":false},"author":3,"featured_media":11613,"parent":0,"menu_order":0,"comment_status":"closed","ping_status":"closed","template":"tpl-profile.php","meta":{"_acf_changed":false,"footnotes":""},"class_list":["page","status-publish","has-post-thumbnail"],"acf":[],"yoast_head":"<!-- This site is optimized with the Yoast SEO plugin v26.1.1 - https:\/\/yoast.com\/wordpress\/plugins\/seo\/ -->\n<title>Alexandra Osorio | Clinique DermAge | Venez voir notre clinique!<\/title>\n<meta name=\"description\" content=\"La Dre Alexandra Os\u00f3rio s\u2019est jointe \u00e0 sa passion pour l\u2019\u00e9tude des sciences et de la m\u00e9decine esth\u00e9tique pour cr\u00e9er la Clinique DermAge.\" \/>\n<meta name=\"robots\" content=\"index, follow, max-snippet:-1, max-image-preview:large, max-video-preview:-1\" \/>\n<link rel=\"canonical\" href=\"https:\/\/dermage.pt\/fr\/alexandra-osorio\/\" \/>\n<meta property=\"og:locale\" content=\"fr_FR\" \/>\n<meta property=\"og:type\" content=\"article\" \/>\n<meta property=\"og:title\" content=\"Alexandra Osorio | Clinique DermAge | Venez voir notre clinique!\" \/>\n<meta property=\"og:description\" content=\"La Dre Alexandra Os\u00f3rio s\u2019est jointe \u00e0 sa passion pour l\u2019\u00e9tude des sciences et de la m\u00e9decine esth\u00e9tique pour cr\u00e9er la Clinique DermAge.\" \/>\n<meta property=\"og:url\" content=\"https:\/\/dermage.pt\/fr\/alexandra-osorio\/\" \/>\n<meta property=\"og:site_name\" content=\"Cl\u00ednica DermAge\" \/>\n<meta property=\"article:publisher\" content=\"https:\/\/www.facebook.com\/ClinicaDermAge\" \/>\n<meta property=\"article:modified_time\" content=\"2022-03-30T08:47:06+00:00\" \/>\n<meta property=\"og:image\" content=\"https:\/\/dermage.pt\/wp-content\/uploads\/alexandra-osorio-banner.jpg\" \/>\n\t<meta property=\"og:image:width\" content=\"1360\" \/>\n\t<meta property=\"og:image:height\" content=\"460\" \/>\n\t<meta property=\"og:image:type\" content=\"image\/jpeg\" \/>\n<meta name=\"twitter:card\" content=\"summary_large_image\" \/>\n<meta name=\"twitter:label1\" content=\"Dur\u00e9e de lecture estim\u00e9e\" \/>\n\t<meta name=\"twitter:data1\" content=\"2 minutes\" \/>\n<script type=\"application\/ld+json\" class=\"yoast-schema-graph\">{\"@context\":\"https:\/\/schema.org\",\"@graph\":[{\"@type\":\"WebPage\",\"@id\":\"https:\/\/dermage.pt\/fr\/alexandra-osorio\/\",\"url\":\"https:\/\/dermage.pt\/fr\/alexandra-osorio\/\",\"name\":\"Alexandra Osorio | Clinique DermAge | Venez voir notre clinique!\",\"isPartOf\":{\"@id\":\"https:\/\/dermage.pt\/fr\/#website\"},\"primaryImageOfPage\":{\"@id\":\"https:\/\/dermage.pt\/fr\/alexandra-osorio\/#primaryimage\"},\"image\":{\"@id\":\"https:\/\/dermage.pt\/fr\/alexandra-osorio\/#primaryimage\"},\"thumbnailUrl\":\"https:\/\/dermage.pt\/wp-content\/uploads\/bannerdra-04-1360x460-1-1-scaled.jpg\",\"datePublished\":\"2021-01-05T12:39:39+00:00\",\"dateModified\":\"2022-03-30T08:47:06+00:00\",\"description\":\"La Dre Alexandra Os\u00f3rio s\u2019est jointe \u00e0 sa passion pour l\u2019\u00e9tude des sciences et de la m\u00e9decine esth\u00e9tique pour cr\u00e9er la Clinique DermAge.\",\"breadcrumb\":{\"@id\":\"https:\/\/dermage.pt\/fr\/alexandra-osorio\/#breadcrumb\"},\"inLanguage\":\"fr-FR\",\"potentialAction\":[{\"@type\":\"ReadAction\",\"target\":[\"https:\/\/dermage.pt\/fr\/alexandra-osorio\/\"]}]},{\"@type\":\"ImageObject\",\"inLanguage\":\"fr-FR\",\"@id\":\"https:\/\/dermage.pt\/fr\/alexandra-osorio\/#primaryimage\",\"url\":\"https:\/\/dermage.pt\/wp-content\/uploads\/bannerdra-04-1360x460-1-1-scaled.jpg\",\"contentUrl\":\"https:\/\/dermage.pt\/wp-content\/uploads\/bannerdra-04-1360x460-1-1-scaled.jpg\",\"width\":2560,\"height\":866},{\"@type\":\"BreadcrumbList\",\"@id\":\"https:\/\/dermage.pt\/fr\/alexandra-osorio\/#breadcrumb\",\"itemListElement\":[{\"@type\":\"ListItem\",\"position\":1,\"name\":\"In\u00edcio\",\"item\":\"https:\/\/dermage.pt\/fr\/\"},{\"@type\":\"ListItem\",\"position\":2,\"name\":\"Alexandra Os\u00f3rio\"}]},{\"@type\":\"WebSite\",\"@id\":\"https:\/\/dermage.pt\/fr\/#website\",\"url\":\"https:\/\/dermage.pt\/fr\/\",\"name\":\"Cl\u00ednica DermAge\",\"description\":\"Cl\u00ednica de Dermatologia e Rejuvenescimento\",\"publisher\":{\"@id\":\"https:\/\/dermage.pt\/fr\/#organization\"},\"potentialAction\":[{\"@type\":\"SearchAction\",\"target\":{\"@type\":\"EntryPoint\",\"urlTemplate\":\"https:\/\/dermage.pt\/fr\/?s={search_term_string}\"},\"query-input\":{\"@type\":\"PropertyValueSpecification\",\"valueRequired\":true,\"valueName\":\"search_term_string\"}}],\"inLanguage\":\"fr-FR\"},{\"@type\":\"Organization\",\"@id\":\"https:\/\/dermage.pt\/fr\/#organization\",\"name\":\"Cl\u00ednica DermAge\",\"url\":\"https:\/\/dermage.pt\/fr\/\",\"logo\":{\"@type\":\"ImageObject\",\"inLanguage\":\"fr-FR\",\"@id\":\"https:\/\/dermage.pt\/fr\/#\/schema\/logo\/image\/\",\"url\":\"https:\/\/dermage.pt\/wp-content\/uploads\/logo-principal.svg\",\"contentUrl\":\"https:\/\/dermage.pt\/wp-content\/uploads\/logo-principal.svg\",\"width\":1,\"height\":1,\"caption\":\"Cl\u00ednica DermAge\"},\"image\":{\"@id\":\"https:\/\/dermage.pt\/fr\/#\/schema\/logo\/image\/\"},\"sameAs\":[\"https:\/\/www.facebook.com\/ClinicaDermAge\",\"https:\/\/www.instagram.com\/clinicadermage\/\",\"https:\/\/www.youtube.com\/user\/videosDERMAGE\"]}]}<\/script>\n<!-- \/ Yoast SEO plugin. -->","yoast_head_json":{"title":"Alexandra Osorio | Clinique DermAge | Venez voir notre clinique!","description":"La Dre Alexandra Os\u00f3rio s\u2019est jointe \u00e0 sa passion pour l\u2019\u00e9tude des sciences et de la m\u00e9decine esth\u00e9tique pour cr\u00e9er la Clinique DermAge.","robots":{"index":"index","follow":"follow","max-snippet":"max-snippet:-1","max-image-preview":"max-image-preview:large","max-video-preview":"max-video-preview:-1"},"canonical":"https:\/\/dermage.pt\/fr\/alexandra-osorio\/","og_locale":"fr_FR","og_type":"article","og_title":"Alexandra Osorio | Clinique DermAge | Venez voir notre clinique!","og_description":"La Dre Alexandra Os\u00f3rio s\u2019est jointe \u00e0 sa passion pour l\u2019\u00e9tude des sciences et de la m\u00e9decine esth\u00e9tique pour cr\u00e9er la Clinique DermAge.","og_url":"https:\/\/dermage.pt\/fr\/alexandra-osorio\/","og_site_name":"Cl\u00ednica DermAge","article_publisher":"https:\/\/www.facebook.com\/ClinicaDermAge","article_modified_time":"2022-03-30T08:47:06+00:00","og_image":[{"width":1360,"height":460,"url":"https:\/\/dermage.pt\/wp-content\/uploads\/alexandra-osorio-banner.jpg","type":"image\/jpeg"}],"twitter_card":"summary_large_image","twitter_misc":{"Dur\u00e9e de lecture estim\u00e9e":"2 minutes"},"schema":{"@context":"https:\/\/schema.org","@graph":[{"@type":"WebPage","@id":"https:\/\/dermage.pt\/fr\/alexandra-osorio\/","url":"https:\/\/dermage.pt\/fr\/alexandra-osorio\/","name":"Alexandra Osorio | Clinique DermAge | Venez voir notre clinique!","isPartOf":{"@id":"https:\/\/dermage.pt\/fr\/#website"},"primaryImageOfPage":{"@id":"https:\/\/dermage.pt\/fr\/alexandra-osorio\/#primaryimage"},"image":{"@id":"https:\/\/dermage.pt\/fr\/alexandra-osorio\/#primaryimage"},"thumbnailUrl":"https:\/\/dermage.pt\/wp-content\/uploads\/bannerdra-04-1360x460-1-1-scaled.jpg","datePublished":"2021-01-05T12:39:39+00:00","dateModified":"2022-03-30T08:47:06+00:00","description":"La Dre Alexandra Os\u00f3rio s\u2019est jointe \u00e0 sa passion pour l\u2019\u00e9tude des sciences et de la m\u00e9decine esth\u00e9tique pour cr\u00e9er la Clinique DermAge.","breadcrumb":{"@id":"https:\/\/dermage.pt\/fr\/alexandra-osorio\/#breadcrumb"},"inLanguage":"fr-FR","potentialAction":[{"@type":"ReadAction","target":["https:\/\/dermage.pt\/fr\/alexandra-osorio\/"]}]},{"@type":"ImageObject","inLanguage":"fr-FR","@id":"https:\/\/dermage.pt\/fr\/alexandra-osorio\/#primaryimage","url":"https:\/\/dermage.pt\/wp-content\/uploads\/bannerdra-04-1360x460-1-1-scaled.jpg","contentUrl":"https:\/\/dermage.pt\/wp-content\/uploads\/bannerdra-04-1360x460-1-1-scaled.jpg","width":2560,"height":866},{"@type":"BreadcrumbList","@id":"https:\/\/dermage.pt\/fr\/alexandra-osorio\/#breadcrumb","itemListElement":[{"@type":"ListItem","position":1,"name":"In\u00edcio","item":"https:\/\/dermage.pt\/fr\/"},{"@type":"ListItem","position":2,"name":"Alexandra Os\u00f3rio"}]},{"@type":"WebSite","@id":"https:\/\/dermage.pt\/fr\/#website","url":"https:\/\/dermage.pt\/fr\/","name":"Cl\u00ednica DermAge","description":"Cl\u00ednica de Dermatologia e Rejuvenescimento","publisher":{"@id":"https:\/\/dermage.pt\/fr\/#organization"},"potentialAction":[{"@type":"SearchAction","target":{"@type":"EntryPoint","urlTemplate":"https:\/\/dermage.pt\/fr\/?s={search_term_string}"},"query-input":{"@type":"PropertyValueSpecification","valueRequired":true,"valueName":"search_term_string"}}],"inLanguage":"fr-FR"},{"@type":"Organization","@id":"https:\/\/dermage.pt\/fr\/#organization","name":"Cl\u00ednica DermAge","url":"https:\/\/dermage.pt\/fr\/","logo":{"@type":"ImageObject","inLanguage":"fr-FR","@id":"https:\/\/dermage.pt\/fr\/#\/schema\/logo\/image\/","url":"https:\/\/dermage.pt\/wp-content\/uploads\/logo-principal.svg","contentUrl":"https:\/\/dermage.pt\/wp-content\/uploads\/logo-principal.svg","width":1,"height":1,"caption":"Cl\u00ednica DermAge"},"image":{"@id":"https:\/\/dermage.pt\/fr\/#\/schema\/logo\/image\/"},"sameAs":["https:\/\/www.facebook.com\/ClinicaDermAge","https:\/\/www.instagram.com\/clinicadermage\/","https:\/\/www.youtube.com\/user\/videosDERMAGE"]}]}},"_links":{"self":[{"href":"https:\/\/dermage.pt\/fr\/wp-json\/wp\/v2\/pages\/7303","targetHints":{"allow":["GET"]}}],"collection":[{"href":"https:\/\/dermage.pt\/fr\/wp-json\/wp\/v2\/pages"}],"about":[{"href":"https:\/\/dermage.pt\/fr\/wp-json\/wp\/v2\/types\/page"}],"author":[{"embeddable":true,"href":"https:\/\/dermage.pt\/fr\/wp-json\/wp\/v2\/users\/3"}],"replies":[{"embeddable":true,"href":"https:\/\/dermage.pt\/fr\/wp-json\/wp\/v2\/comments?post=7303"}],"version-history":[{"count":4,"href":"https:\/\/dermage.pt\/fr\/wp-json\/wp\/v2\/pages\/7303\/revisions"}],"predecessor-version":[{"id":9547,"href":"https:\/\/dermage.pt\/fr\/wp-json\/wp\/v2\/pages\/7303\/revisions\/9547"}],"wp:featuredmedia":[{"embeddable":true,"href":"https:\/\/dermage.pt\/fr\/wp-json\/wp\/v2\/media\/11613"}],"wp:attachment":[{"href":"https:\/\/dermage.pt\/fr\/wp-json\/wp\/v2\/media?parent=7303"}],"curies":[{"name":"wp","href":"https:\/\/api.w.org\/{rel}","templated":true}]}}