{"id":7454,"date":"2021-01-07T10:37:31","date_gmt":"2021-01-07T10:37:31","guid":{"rendered":"https:\/\/dermage.dev-smartkiss.net\/?page_id=7454"},"modified":"2022-03-31T15:45:54","modified_gmt":"2022-03-31T14:45:54","slug":"contacts","status":"publish","type":"page","link":"https:\/\/dermage.pt\/fr\/contacts\/","title":{"rendered":"Contacts"},"content":{"rendered":"\n<p><a href=\"https:\/\/dermage.pt\/\">Cl\u00ednica DermAge<\/a> est situ\u00e9e sur l&rsquo;Avenida Ant\u00f3nio Augusto de Aguiar, \u00e0 Lisbonne. Vous pouvez nous contacter par t\u00e9l\u00e9phone ou par courrier \u00e9lectronique.<\/p>\n\n\n\n<h4 class=\"wp-block-heading\">\u00c0 propos de la Cl\u00ednica DermAge<\/h4>\n\n\n\n<p>La <strong>Cl\u00ednica DermAge<\/strong> est un centre m\u00e9dical-chirurgical sp\u00e9cialis\u00e9 en anti-\u00c2ge, en Dermatologie G\u00e9n\u00e9rale et en Dermatologie Esth\u00e9tique-chirurgicale Avanc\u00e9e.<\/p>\n\n\n\n<p>En plus de ces valences, la <strong>Cl\u00ednica DermAge<\/strong> propose \u00e9galement trois unit\u00e9s sp\u00e9cifiques pour diff\u00e9rents types de traitements: l\u2019Unit\u00e9 Capillaire, d\u00e9di\u00e9e aux traitements capillaires, l\u2019Unit\u00e9 Vasculaire et l\u2019Unit\u00e9 d\u00e9di\u00e9e \u00e0 la perte de poids et \u00e0 la mod\u00e9lisation corporelle.<\/p>\n\n\n\n<h4 class=\"wp-block-heading\">\u00c0 propos de la Doutora Alexandra Os\u00f3rio<\/h4>\n\n\n\n<p>Expliquer le parcours de DermAge expose \u00e9galement toute ma carri\u00e8re et mon \u00e9volution en tant que professionnel et passionn\u00e9 du domaine de la Dermatologie et de l\u2019Esth\u00e9tique.<\/p>\n\n\n\n<p>Ma formation M\u00e9dicale n\u2019\u00e9tait que le d\u00e9but d\u2019un parcours scientifique encore loin d\u2019\u00eatre termin\u00e9 \u2013 car on apprend toute la vie et surtout parce que la science et la m\u00e9decine \u00e9voluent de telle sorte que tous les m\u00e9decins doivent \u00eatre constamment en formation.<\/p>\n\n\n\n<p>Je suis passionn\u00e9 par la science et la beaut\u00e9 et par-dessus tout, passionn\u00e9 d\u2019aide aux gens. Je crois qu\u2019\u00eatre m\u00e9decin est un cadeau qui me permet de rendre les gens plus sains et plus heureux.<\/p>\n\n\n\n<p>C\u2019est pourquoi j\u2019ai beaucoup investi dans ma formation, avec une sp\u00e9cialisation et une ma\u00eetrise en dermatologie esth\u00e9tique, en plus de diverses formations et exp\u00e9riences telles que la chirurgie m\u00e9dicale et g\u00e9n\u00e9rale (j\u2019ai \u00e9t\u00e9 pendant trois ans chirurgien g\u00e9n\u00e9raliste) et la chirurgie esth\u00e9tique.<\/p>\n\n\n\n<p>Cette exp\u00e9rience clinique, coupl\u00e9e \u00e0 la recherche scientifique que j\u2019ai d\u00e9velopp\u00e9e dans le domaine des sp\u00e9cialisations, me donne une vision holistique du patient, ce qui est absolument essentiel au succ\u00e8s des interventions cliniques en dermatologie et anti-\u00e2ge, un domaine scientifique qui me fascine et sur lequel je ne me lasse jamais d\u2019enqu\u00eater et d\u2019apprendre.<\/p>\n\n\n\n<p><\/p>\n","protected":false},"excerpt":{"rendered":"<p>Cl\u00ednica DermAge est situ\u00e9e sur l&rsquo;Avenida Ant\u00f3nio Augusto de Aguiar, \u00e0 Lisbonne. Vous pouvez nous contacter par t\u00e9l\u00e9phone ou par courrier \u00e9lectronique. \u00c0 propos de la Cl\u00ednica DermAge La Cl\u00ednica DermAge est un centre m\u00e9dical-chirurgical sp\u00e9cialis\u00e9 en anti-\u00c2ge, en Dermatologie G\u00e9n\u00e9rale et en Dermatologie Esth\u00e9tique-chirurgicale&#8230;<\/p>\n","protected":false},"author":3,"featured_media":11557,"parent":0,"menu_order":0,"comment_status":"closed","ping_status":"closed","template":"tpl-contact.php","meta":{"_acf_changed":false,"footnotes":""},"class_list":["page","status-publish","has-post-thumbnail"],"acf":[],"yoast_head":"<!-- This site is optimized with the Yoast SEO plugin v26.1.1 - https:\/\/yoast.com\/wordpress\/plugins\/seo\/ -->\n<title>Contacts | Clinique DermAge | Venez voir notre clinique!<\/title>\n<meta name=\"description\" content=\"Contacts. La Clinique DermAge est situ\u00e9e sur Avenida Ant\u00f3nio Augusto de Aguiar, Lisbonne. Vous pouvez nous parler par contact t\u00e9l\u00e9phonique.\" \/>\n<meta name=\"robots\" content=\"index, follow, max-snippet:-1, max-image-preview:large, max-video-preview:-1\" \/>\n<link rel=\"canonical\" href=\"https:\/\/dermage.pt\/fr\/contacts\/\" \/>\n<meta property=\"og:locale\" content=\"fr_FR\" \/>\n<meta property=\"og:type\" content=\"article\" \/>\n<meta property=\"og:title\" content=\"Contacts | Clinique DermAge | Venez voir notre clinique!\" \/>\n<meta property=\"og:description\" content=\"Contacts. La Clinique DermAge est situ\u00e9e sur Avenida Ant\u00f3nio Augusto de Aguiar, Lisbonne. Vous pouvez nous parler par contact t\u00e9l\u00e9phonique.\" \/>\n<meta property=\"og:url\" content=\"https:\/\/dermage.pt\/fr\/contacts\/\" \/>\n<meta property=\"og:site_name\" content=\"Cl\u00ednica DermAge\" \/>\n<meta property=\"article:publisher\" content=\"https:\/\/www.facebook.com\/ClinicaDermAge\" \/>\n<meta property=\"article:modified_time\" content=\"2022-03-31T14:45:54+00:00\" \/>\n<meta property=\"og:image\" content=\"https:\/\/dermage.pt\/wp-content\/uploads\/contactos-banner.jpg\" \/>\n\t<meta property=\"og:image:width\" content=\"1360\" \/>\n\t<meta property=\"og:image:height\" content=\"460\" \/>\n\t<meta property=\"og:image:type\" content=\"image\/jpeg\" \/>\n<meta name=\"twitter:card\" content=\"summary_large_image\" \/>\n<meta name=\"twitter:label1\" content=\"Dur\u00e9e de lecture estim\u00e9e\" \/>\n\t<meta name=\"twitter:data1\" content=\"2 minutes\" \/>\n<script type=\"application\/ld+json\" class=\"yoast-schema-graph\">{\"@context\":\"https:\/\/schema.org\",\"@graph\":[{\"@type\":\"WebPage\",\"@id\":\"https:\/\/dermage.pt\/fr\/contacts\/\",\"url\":\"https:\/\/dermage.pt\/fr\/contacts\/\",\"name\":\"Contacts | Clinique DermAge | Venez voir notre clinique!\",\"isPartOf\":{\"@id\":\"https:\/\/dermage.pt\/fr\/#website\"},\"primaryImageOfPage\":{\"@id\":\"https:\/\/dermage.pt\/fr\/contacts\/#primaryimage\"},\"image\":{\"@id\":\"https:\/\/dermage.pt\/fr\/contacts\/#primaryimage\"},\"thumbnailUrl\":\"https:\/\/dermage.pt\/wp-content\/uploads\/bannerdra-03.jpg\",\"datePublished\":\"2021-01-07T10:37:31+00:00\",\"dateModified\":\"2022-03-31T14:45:54+00:00\",\"description\":\"Contacts. La Clinique DermAge est situ\u00e9e sur Avenida Ant\u00f3nio Augusto de Aguiar, Lisbonne. Vous pouvez nous parler par contact t\u00e9l\u00e9phonique.\",\"breadcrumb\":{\"@id\":\"https:\/\/dermage.pt\/fr\/contacts\/#breadcrumb\"},\"inLanguage\":\"fr-FR\",\"potentialAction\":[{\"@type\":\"ReadAction\",\"target\":[\"https:\/\/dermage.pt\/fr\/contacts\/\"]}]},{\"@type\":\"ImageObject\",\"inLanguage\":\"fr-FR\",\"@id\":\"https:\/\/dermage.pt\/fr\/contacts\/#primaryimage\",\"url\":\"https:\/\/dermage.pt\/wp-content\/uploads\/bannerdra-03.jpg\",\"contentUrl\":\"https:\/\/dermage.pt\/wp-content\/uploads\/bannerdra-03.jpg\",\"width\":2500,\"height\":846},{\"@type\":\"BreadcrumbList\",\"@id\":\"https:\/\/dermage.pt\/fr\/contacts\/#breadcrumb\",\"itemListElement\":[{\"@type\":\"ListItem\",\"position\":1,\"name\":\"In\u00edcio\",\"item\":\"https:\/\/dermage.pt\/fr\/\"},{\"@type\":\"ListItem\",\"position\":2,\"name\":\"Contacts\"}]},{\"@type\":\"WebSite\",\"@id\":\"https:\/\/dermage.pt\/fr\/#website\",\"url\":\"https:\/\/dermage.pt\/fr\/\",\"name\":\"Cl\u00ednica DermAge\",\"description\":\"Cl\u00ednica de Dermatologia e Rejuvenescimento\",\"publisher\":{\"@id\":\"https:\/\/dermage.pt\/fr\/#organization\"},\"potentialAction\":[{\"@type\":\"SearchAction\",\"target\":{\"@type\":\"EntryPoint\",\"urlTemplate\":\"https:\/\/dermage.pt\/fr\/?s={search_term_string}\"},\"query-input\":{\"@type\":\"PropertyValueSpecification\",\"valueRequired\":true,\"valueName\":\"search_term_string\"}}],\"inLanguage\":\"fr-FR\"},{\"@type\":\"Organization\",\"@id\":\"https:\/\/dermage.pt\/fr\/#organization\",\"name\":\"Cl\u00ednica DermAge\",\"url\":\"https:\/\/dermage.pt\/fr\/\",\"logo\":{\"@type\":\"ImageObject\",\"inLanguage\":\"fr-FR\",\"@id\":\"https:\/\/dermage.pt\/fr\/#\/schema\/logo\/image\/\",\"url\":\"https:\/\/dermage.pt\/wp-content\/uploads\/logo-principal.svg\",\"contentUrl\":\"https:\/\/dermage.pt\/wp-content\/uploads\/logo-principal.svg\",\"width\":1,\"height\":1,\"caption\":\"Cl\u00ednica DermAge\"},\"image\":{\"@id\":\"https:\/\/dermage.pt\/fr\/#\/schema\/logo\/image\/\"},\"sameAs\":[\"https:\/\/www.facebook.com\/ClinicaDermAge\",\"https:\/\/www.instagram.com\/clinicadermage\/\",\"https:\/\/www.youtube.com\/user\/videosDERMAGE\"]}]}<\/script>\n<!-- \/ Yoast SEO plugin. -->","yoast_head_json":{"title":"Contacts | Clinique DermAge | Venez voir notre clinique!","description":"Contacts. La Clinique DermAge est situ\u00e9e sur Avenida Ant\u00f3nio Augusto de Aguiar, Lisbonne. Vous pouvez nous parler par contact t\u00e9l\u00e9phonique.","robots":{"index":"index","follow":"follow","max-snippet":"max-snippet:-1","max-image-preview":"max-image-preview:large","max-video-preview":"max-video-preview:-1"},"canonical":"https:\/\/dermage.pt\/fr\/contacts\/","og_locale":"fr_FR","og_type":"article","og_title":"Contacts | Clinique DermAge | Venez voir notre clinique!","og_description":"Contacts. La Clinique DermAge est situ\u00e9e sur Avenida Ant\u00f3nio Augusto de Aguiar, Lisbonne. Vous pouvez nous parler par contact t\u00e9l\u00e9phonique.","og_url":"https:\/\/dermage.pt\/fr\/contacts\/","og_site_name":"Cl\u00ednica DermAge","article_publisher":"https:\/\/www.facebook.com\/ClinicaDermAge","article_modified_time":"2022-03-31T14:45:54+00:00","og_image":[{"width":1360,"height":460,"url":"https:\/\/dermage.pt\/wp-content\/uploads\/contactos-banner.jpg","type":"image\/jpeg"}],"twitter_card":"summary_large_image","twitter_misc":{"Dur\u00e9e de lecture estim\u00e9e":"2 minutes"},"schema":{"@context":"https:\/\/schema.org","@graph":[{"@type":"WebPage","@id":"https:\/\/dermage.pt\/fr\/contacts\/","url":"https:\/\/dermage.pt\/fr\/contacts\/","name":"Contacts | Clinique DermAge | Venez voir notre clinique!","isPartOf":{"@id":"https:\/\/dermage.pt\/fr\/#website"},"primaryImageOfPage":{"@id":"https:\/\/dermage.pt\/fr\/contacts\/#primaryimage"},"image":{"@id":"https:\/\/dermage.pt\/fr\/contacts\/#primaryimage"},"thumbnailUrl":"https:\/\/dermage.pt\/wp-content\/uploads\/bannerdra-03.jpg","datePublished":"2021-01-07T10:37:31+00:00","dateModified":"2022-03-31T14:45:54+00:00","description":"Contacts. La Clinique DermAge est situ\u00e9e sur Avenida Ant\u00f3nio Augusto de Aguiar, Lisbonne. Vous pouvez nous parler par contact t\u00e9l\u00e9phonique.","breadcrumb":{"@id":"https:\/\/dermage.pt\/fr\/contacts\/#breadcrumb"},"inLanguage":"fr-FR","potentialAction":[{"@type":"ReadAction","target":["https:\/\/dermage.pt\/fr\/contacts\/"]}]},{"@type":"ImageObject","inLanguage":"fr-FR","@id":"https:\/\/dermage.pt\/fr\/contacts\/#primaryimage","url":"https:\/\/dermage.pt\/wp-content\/uploads\/bannerdra-03.jpg","contentUrl":"https:\/\/dermage.pt\/wp-content\/uploads\/bannerdra-03.jpg","width":2500,"height":846},{"@type":"BreadcrumbList","@id":"https:\/\/dermage.pt\/fr\/contacts\/#breadcrumb","itemListElement":[{"@type":"ListItem","position":1,"name":"In\u00edcio","item":"https:\/\/dermage.pt\/fr\/"},{"@type":"ListItem","position":2,"name":"Contacts"}]},{"@type":"WebSite","@id":"https:\/\/dermage.pt\/fr\/#website","url":"https:\/\/dermage.pt\/fr\/","name":"Cl\u00ednica DermAge","description":"Cl\u00ednica de Dermatologia e Rejuvenescimento","publisher":{"@id":"https:\/\/dermage.pt\/fr\/#organization"},"potentialAction":[{"@type":"SearchAction","target":{"@type":"EntryPoint","urlTemplate":"https:\/\/dermage.pt\/fr\/?s={search_term_string}"},"query-input":{"@type":"PropertyValueSpecification","valueRequired":true,"valueName":"search_term_string"}}],"inLanguage":"fr-FR"},{"@type":"Organization","@id":"https:\/\/dermage.pt\/fr\/#organization","name":"Cl\u00ednica DermAge","url":"https:\/\/dermage.pt\/fr\/","logo":{"@type":"ImageObject","inLanguage":"fr-FR","@id":"https:\/\/dermage.pt\/fr\/#\/schema\/logo\/image\/","url":"https:\/\/dermage.pt\/wp-content\/uploads\/logo-principal.svg","contentUrl":"https:\/\/dermage.pt\/wp-content\/uploads\/logo-principal.svg","width":1,"height":1,"caption":"Cl\u00ednica DermAge"},"image":{"@id":"https:\/\/dermage.pt\/fr\/#\/schema\/logo\/image\/"},"sameAs":["https:\/\/www.facebook.com\/ClinicaDermAge","https:\/\/www.instagram.com\/clinicadermage\/","https:\/\/www.youtube.com\/user\/videosDERMAGE"]}]}},"_links":{"self":[{"href":"https:\/\/dermage.pt\/fr\/wp-json\/wp\/v2\/pages\/7454","targetHints":{"allow":["GET"]}}],"collection":[{"href":"https:\/\/dermage.pt\/fr\/wp-json\/wp\/v2\/pages"}],"about":[{"href":"https:\/\/dermage.pt\/fr\/wp-json\/wp\/v2\/types\/page"}],"author":[{"embeddable":true,"href":"https:\/\/dermage.pt\/fr\/wp-json\/wp\/v2\/users\/3"}],"replies":[{"embeddable":true,"href":"https:\/\/dermage.pt\/fr\/wp-json\/wp\/v2\/comments?post=7454"}],"version-history":[{"count":2,"href":"https:\/\/dermage.pt\/fr\/wp-json\/wp\/v2\/pages\/7454\/revisions"}],"predecessor-version":[{"id":10584,"href":"https:\/\/dermage.pt\/fr\/wp-json\/wp\/v2\/pages\/7454\/revisions\/10584"}],"wp:featuredmedia":[{"embeddable":true,"href":"https:\/\/dermage.pt\/fr\/wp-json\/wp\/v2\/media\/11557"}],"wp:attachment":[{"href":"https:\/\/dermage.pt\/fr\/wp-json\/wp\/v2\/media?parent=7454"}],"curies":[{"name":"wp","href":"https:\/\/api.w.org\/{rel}","templated":true}]}}