{"id":7459,"date":"2021-01-07T10:43:49","date_gmt":"2021-01-07T10:43:49","guid":{"rendered":"https:\/\/dermage.dev-smartkiss.net\/?page_id=7459"},"modified":"2022-03-31T12:39:11","modified_gmt":"2022-03-31T11:39:11","slug":"partenariats","status":"publish","type":"page","link":"https:\/\/dermage.pt\/fr\/partenariats\/","title":{"rendered":"Partenariats"},"content":{"rendered":"\n<p>D\u00e9couvrez les partenariats <a href=\"https:\/\/dermage.pt\/fr\/\">Cl\u00ednica DermAge<\/a> et n\u2019h\u00e9sitez pas \u00e0 <a href=\"https:\/\/www.facebook.com\/ClinicaDermAge\">nous contacter<\/a> pour d\u2019autres moyens de paiement.<\/p>\n\n<figure class=\"wp-block-gallery aligncenter has-nested-images columns-default wp-block-gallery-1 is-layout-flex wp-block-gallery-is-layout-flex\">\n<figure class=\"wp-block-image size-full\"><img decoding=\"async\" width=\"109\" height=\"128\" data-id=\"10517\" src=\"https:\/\/dermage.pt\/wp-content\/uploads\/ordem-farmaceuticos.png\" alt=\"Ordem dos Farmac&#xEA;uticos\" class=\"wp-image-10517\"\/><\/figure>\n\n\n<figure class=\"wp-block-image size-full\"><img decoding=\"async\" width=\"300\" height=\"50\" data-id=\"5425\" src=\"https:\/\/dermage.pt\/wp-content\/uploads\/logo-clinica-medica.png\" alt=\"Cl&#xED;nica M&#xE9;dica de Lisboa\" class=\"wp-image-5425\"\/><\/figure>\n\n\n<figure class=\"wp-block-image size-full\"><img decoding=\"async\" width=\"280\" height=\"142\" data-id=\"5419\" src=\"https:\/\/dermage.pt\/wp-content\/uploads\/logo-clube-millenium.png\" alt=\"Clube Millennium bcp\" class=\"wp-image-5419\"\/><\/figure>\n\n\n<figure class=\"wp-block-image size-full\"><img loading=\"lazy\" decoding=\"async\" width=\"300\" height=\"78\" data-id=\"5416\" src=\"https:\/\/dermage.pt\/wp-content\/uploads\/logo-acp.png\" alt=\"Autom&#xF3;vel Club de Portugal\" class=\"wp-image-5416\"\/><\/figure>\n\n\n<figure class=\"wp-block-image size-full\"><img loading=\"lazy\" decoding=\"async\" width=\"300\" height=\"36\" data-id=\"5413\" src=\"https:\/\/dermage.pt\/wp-content\/uploads\/logo-bpi-grupo.jpg\" alt=\"BPI - Grupo Desportivo e Cultural dos Empregados do Banco BPI\" class=\"wp-image-5413\"\/><\/figure>\n\n\n<figure class=\"wp-block-image size-full\"><img decoding=\"async\" data-id=\"5410\" src=\"https:\/\/dermage.pt\/wp-content\/uploads\/logo-lnec-e1607537096297.png\" alt=\"Laborat&#xF3;rio Nacional de Engenharia Civil\" class=\"wp-image-5410\"\/><\/figure>\n\n\n<figure class=\"wp-block-image size-full\"><img decoding=\"async\" data-id=\"5407\" src=\"https:\/\/dermage.pt\/wp-content\/uploads\/logo-ordem-dos-enfermeiros-e1607537131223.png\" alt=\"Mais Sa&#xFA;de\" class=\"wp-image-5407\"\/><\/figure>\n\n\n<figure class=\"wp-block-image size-full\"><img loading=\"lazy\" decoding=\"async\" width=\"559\" height=\"242\" data-id=\"10520\" src=\"https:\/\/dermage.pt\/wp-content\/uploads\/logo-enfermeiros.png\" alt=\"Ordem dos Enfermeiros\" class=\"wp-image-10520\" srcset=\"https:\/\/dermage.pt\/wp-content\/uploads\/logo-enfermeiros.png 559w, https:\/\/dermage.pt\/wp-content\/uploads\/logo-enfermeiros-305x132.png 305w\" sizes=\"(max-width: 559px) 100vw, 559px\" \/><\/figure>\n\n\n<figure class=\"wp-block-image size-full\"><img decoding=\"async\" data-id=\"5404\" src=\"https:\/\/dermage.pt\/wp-content\/uploads\/logo-gemeon-e1607537053734.png\" alt=\"Gemeon\" class=\"wp-image-5404\"\/><\/figure><\/figure>\n","protected":false},"excerpt":{"rendered":"<p>D\u00e9couvrez les partenariats Cl\u00ednica DermAge et n\u2019h\u00e9sitez pas \u00e0 nous contacter pour d\u2019autres moyens de paiement.<\/p>\n","protected":false},"author":3,"featured_media":5435,"parent":0,"menu_order":0,"comment_status":"closed","ping_status":"closed","template":"","meta":{"_acf_changed":false,"footnotes":""},"class_list":["page","status-publish","has-post-thumbnail"],"acf":[],"yoast_head":"<!-- This site is optimized with the Yoast SEO plugin v26.1.1 - https:\/\/yoast.com\/wordpress\/plugins\/seo\/ -->\n<title>Partenariats | Cl\u00ednica DermAge | Conna\u00eetre notre Clinique!<\/title>\n<meta name=\"description\" content=\"D\u00e9couvrez les partenariats Cl\u00ednica DermAge et n\u2019h\u00e9sitez pas \u00e0 nous contacter pour d\u2019autres moyens de paiement.\" \/>\n<meta name=\"robots\" content=\"index, follow, max-snippet:-1, max-image-preview:large, max-video-preview:-1\" \/>\n<link rel=\"canonical\" href=\"https:\/\/dermage.pt\/fr\/partenariats\/\" \/>\n<meta property=\"og:locale\" content=\"fr_FR\" \/>\n<meta property=\"og:type\" content=\"article\" \/>\n<meta property=\"og:title\" content=\"Partenariats | Cl\u00ednica DermAge | Conna\u00eetre notre Clinique!\" \/>\n<meta property=\"og:description\" content=\"D\u00e9couvrez les partenariats Cl\u00ednica DermAge et n\u2019h\u00e9sitez pas \u00e0 nous contacter pour d\u2019autres moyens de paiement.\" \/>\n<meta property=\"og:url\" content=\"https:\/\/dermage.pt\/fr\/partenariats\/\" \/>\n<meta property=\"og:site_name\" content=\"Cl\u00ednica DermAge\" \/>\n<meta property=\"article:publisher\" content=\"https:\/\/www.facebook.com\/ClinicaDermAge\" \/>\n<meta property=\"article:modified_time\" content=\"2022-03-31T11:39:11+00:00\" \/>\n<meta property=\"og:image\" content=\"https:\/\/dermage.pt\/wp-content\/uploads\/espaco-clinica.jpg\" \/>\n\t<meta property=\"og:image:width\" content=\"1360\" \/>\n\t<meta property=\"og:image:height\" content=\"460\" \/>\n\t<meta property=\"og:image:type\" content=\"image\/jpeg\" \/>\n<meta name=\"twitter:card\" content=\"summary_large_image\" \/>\n<meta name=\"twitter:label1\" content=\"Dur\u00e9e de lecture estim\u00e9e\" \/>\n\t<meta name=\"twitter:data1\" content=\"2 minutes\" \/>\n<script type=\"application\/ld+json\" class=\"yoast-schema-graph\">{\"@context\":\"https:\/\/schema.org\",\"@graph\":[{\"@type\":\"WebPage\",\"@id\":\"https:\/\/dermage.pt\/fr\/partenariats\/\",\"url\":\"https:\/\/dermage.pt\/fr\/partenariats\/\",\"name\":\"Partenariats | Cl\u00ednica DermAge | Conna\u00eetre notre Clinique!\",\"isPartOf\":{\"@id\":\"https:\/\/dermage.pt\/fr\/#website\"},\"primaryImageOfPage\":{\"@id\":\"https:\/\/dermage.pt\/fr\/partenariats\/#primaryimage\"},\"image\":{\"@id\":\"https:\/\/dermage.pt\/fr\/partenariats\/#primaryimage\"},\"thumbnailUrl\":\"https:\/\/dermage.pt\/wp-content\/uploads\/espaco-clinica.jpg\",\"datePublished\":\"2021-01-07T10:43:49+00:00\",\"dateModified\":\"2022-03-31T11:39:11+00:00\",\"description\":\"D\u00e9couvrez les partenariats Cl\u00ednica DermAge et n\u2019h\u00e9sitez pas \u00e0 nous contacter pour d\u2019autres moyens de paiement.\",\"breadcrumb\":{\"@id\":\"https:\/\/dermage.pt\/fr\/partenariats\/#breadcrumb\"},\"inLanguage\":\"fr-FR\",\"potentialAction\":[{\"@type\":\"ReadAction\",\"target\":[\"https:\/\/dermage.pt\/fr\/partenariats\/\"]}]},{\"@type\":\"ImageObject\",\"inLanguage\":\"fr-FR\",\"@id\":\"https:\/\/dermage.pt\/fr\/partenariats\/#primaryimage\",\"url\":\"https:\/\/dermage.pt\/wp-content\/uploads\/espaco-clinica.jpg\",\"contentUrl\":\"https:\/\/dermage.pt\/wp-content\/uploads\/espaco-clinica.jpg\",\"width\":1360,\"height\":460,\"caption\":\"Partenariats\"},{\"@type\":\"BreadcrumbList\",\"@id\":\"https:\/\/dermage.pt\/fr\/partenariats\/#breadcrumb\",\"itemListElement\":[{\"@type\":\"ListItem\",\"position\":1,\"name\":\"In\u00edcio\",\"item\":\"https:\/\/dermage.pt\/fr\/\"},{\"@type\":\"ListItem\",\"position\":2,\"name\":\"Partenariats\"}]},{\"@type\":\"WebSite\",\"@id\":\"https:\/\/dermage.pt\/fr\/#website\",\"url\":\"https:\/\/dermage.pt\/fr\/\",\"name\":\"Cl\u00ednica DermAge\",\"description\":\"Cl\u00ednica de Dermatologia e Rejuvenescimento\",\"publisher\":{\"@id\":\"https:\/\/dermage.pt\/fr\/#organization\"},\"potentialAction\":[{\"@type\":\"SearchAction\",\"target\":{\"@type\":\"EntryPoint\",\"urlTemplate\":\"https:\/\/dermage.pt\/fr\/?s={search_term_string}\"},\"query-input\":{\"@type\":\"PropertyValueSpecification\",\"valueRequired\":true,\"valueName\":\"search_term_string\"}}],\"inLanguage\":\"fr-FR\"},{\"@type\":\"Organization\",\"@id\":\"https:\/\/dermage.pt\/fr\/#organization\",\"name\":\"Cl\u00ednica DermAge\",\"url\":\"https:\/\/dermage.pt\/fr\/\",\"logo\":{\"@type\":\"ImageObject\",\"inLanguage\":\"fr-FR\",\"@id\":\"https:\/\/dermage.pt\/fr\/#\/schema\/logo\/image\/\",\"url\":\"https:\/\/dermage.pt\/wp-content\/uploads\/logo-principal.svg\",\"contentUrl\":\"https:\/\/dermage.pt\/wp-content\/uploads\/logo-principal.svg\",\"width\":1,\"height\":1,\"caption\":\"Cl\u00ednica DermAge\"},\"image\":{\"@id\":\"https:\/\/dermage.pt\/fr\/#\/schema\/logo\/image\/\"},\"sameAs\":[\"https:\/\/www.facebook.com\/ClinicaDermAge\",\"https:\/\/www.instagram.com\/clinicadermage\/\",\"https:\/\/www.youtube.com\/user\/videosDERMAGE\"]}]}<\/script>\n<!-- \/ Yoast SEO plugin. -->","yoast_head_json":{"title":"Partenariats | Cl\u00ednica DermAge | Conna\u00eetre notre Clinique!","description":"D\u00e9couvrez les partenariats Cl\u00ednica DermAge et n\u2019h\u00e9sitez pas \u00e0 nous contacter pour d\u2019autres moyens de paiement.","robots":{"index":"index","follow":"follow","max-snippet":"max-snippet:-1","max-image-preview":"max-image-preview:large","max-video-preview":"max-video-preview:-1"},"canonical":"https:\/\/dermage.pt\/fr\/partenariats\/","og_locale":"fr_FR","og_type":"article","og_title":"Partenariats | Cl\u00ednica DermAge | Conna\u00eetre notre Clinique!","og_description":"D\u00e9couvrez les partenariats Cl\u00ednica DermAge et n\u2019h\u00e9sitez pas \u00e0 nous contacter pour d\u2019autres moyens de paiement.","og_url":"https:\/\/dermage.pt\/fr\/partenariats\/","og_site_name":"Cl\u00ednica DermAge","article_publisher":"https:\/\/www.facebook.com\/ClinicaDermAge","article_modified_time":"2022-03-31T11:39:11+00:00","og_image":[{"width":1360,"height":460,"url":"https:\/\/dermage.pt\/wp-content\/uploads\/espaco-clinica.jpg","type":"image\/jpeg"}],"twitter_card":"summary_large_image","twitter_misc":{"Dur\u00e9e de lecture estim\u00e9e":"2 minutes"},"schema":{"@context":"https:\/\/schema.org","@graph":[{"@type":"WebPage","@id":"https:\/\/dermage.pt\/fr\/partenariats\/","url":"https:\/\/dermage.pt\/fr\/partenariats\/","name":"Partenariats | Cl\u00ednica DermAge | Conna\u00eetre notre Clinique!","isPartOf":{"@id":"https:\/\/dermage.pt\/fr\/#website"},"primaryImageOfPage":{"@id":"https:\/\/dermage.pt\/fr\/partenariats\/#primaryimage"},"image":{"@id":"https:\/\/dermage.pt\/fr\/partenariats\/#primaryimage"},"thumbnailUrl":"https:\/\/dermage.pt\/wp-content\/uploads\/espaco-clinica.jpg","datePublished":"2021-01-07T10:43:49+00:00","dateModified":"2022-03-31T11:39:11+00:00","description":"D\u00e9couvrez les partenariats Cl\u00ednica DermAge et n\u2019h\u00e9sitez pas \u00e0 nous contacter pour d\u2019autres moyens de paiement.","breadcrumb":{"@id":"https:\/\/dermage.pt\/fr\/partenariats\/#breadcrumb"},"inLanguage":"fr-FR","potentialAction":[{"@type":"ReadAction","target":["https:\/\/dermage.pt\/fr\/partenariats\/"]}]},{"@type":"ImageObject","inLanguage":"fr-FR","@id":"https:\/\/dermage.pt\/fr\/partenariats\/#primaryimage","url":"https:\/\/dermage.pt\/wp-content\/uploads\/espaco-clinica.jpg","contentUrl":"https:\/\/dermage.pt\/wp-content\/uploads\/espaco-clinica.jpg","width":1360,"height":460,"caption":"Partenariats"},{"@type":"BreadcrumbList","@id":"https:\/\/dermage.pt\/fr\/partenariats\/#breadcrumb","itemListElement":[{"@type":"ListItem","position":1,"name":"In\u00edcio","item":"https:\/\/dermage.pt\/fr\/"},{"@type":"ListItem","position":2,"name":"Partenariats"}]},{"@type":"WebSite","@id":"https:\/\/dermage.pt\/fr\/#website","url":"https:\/\/dermage.pt\/fr\/","name":"Cl\u00ednica DermAge","description":"Cl\u00ednica de Dermatologia e Rejuvenescimento","publisher":{"@id":"https:\/\/dermage.pt\/fr\/#organization"},"potentialAction":[{"@type":"SearchAction","target":{"@type":"EntryPoint","urlTemplate":"https:\/\/dermage.pt\/fr\/?s={search_term_string}"},"query-input":{"@type":"PropertyValueSpecification","valueRequired":true,"valueName":"search_term_string"}}],"inLanguage":"fr-FR"},{"@type":"Organization","@id":"https:\/\/dermage.pt\/fr\/#organization","name":"Cl\u00ednica DermAge","url":"https:\/\/dermage.pt\/fr\/","logo":{"@type":"ImageObject","inLanguage":"fr-FR","@id":"https:\/\/dermage.pt\/fr\/#\/schema\/logo\/image\/","url":"https:\/\/dermage.pt\/wp-content\/uploads\/logo-principal.svg","contentUrl":"https:\/\/dermage.pt\/wp-content\/uploads\/logo-principal.svg","width":1,"height":1,"caption":"Cl\u00ednica DermAge"},"image":{"@id":"https:\/\/dermage.pt\/fr\/#\/schema\/logo\/image\/"},"sameAs":["https:\/\/www.facebook.com\/ClinicaDermAge","https:\/\/www.instagram.com\/clinicadermage\/","https:\/\/www.youtube.com\/user\/videosDERMAGE"]}]}},"_links":{"self":[{"href":"https:\/\/dermage.pt\/fr\/wp-json\/wp\/v2\/pages\/7459","targetHints":{"allow":["GET"]}}],"collection":[{"href":"https:\/\/dermage.pt\/fr\/wp-json\/wp\/v2\/pages"}],"about":[{"href":"https:\/\/dermage.pt\/fr\/wp-json\/wp\/v2\/types\/page"}],"author":[{"embeddable":true,"href":"https:\/\/dermage.pt\/fr\/wp-json\/wp\/v2\/users\/3"}],"replies":[{"embeddable":true,"href":"https:\/\/dermage.pt\/fr\/wp-json\/wp\/v2\/comments?post=7459"}],"version-history":[{"count":3,"href":"https:\/\/dermage.pt\/fr\/wp-json\/wp\/v2\/pages\/7459\/revisions"}],"predecessor-version":[{"id":10526,"href":"https:\/\/dermage.pt\/fr\/wp-json\/wp\/v2\/pages\/7459\/revisions\/10526"}],"wp:featuredmedia":[{"embeddable":true,"href":"https:\/\/dermage.pt\/fr\/wp-json\/wp\/v2\/media\/5435"}],"wp:attachment":[{"href":"https:\/\/dermage.pt\/fr\/wp-json\/wp\/v2\/media?parent=7459"}],"curies":[{"name":"wp","href":"https:\/\/api.w.org\/{rel}","templated":true}]}}