{"id":7464,"date":"2021-01-07T11:09:57","date_gmt":"2021-01-07T11:09:57","guid":{"rendered":"https:\/\/dermage.dev-smartkiss.net\/?page_id=7464"},"modified":"2022-03-30T08:59:01","modified_gmt":"2022-03-30T08:59:01","slug":"politique-de-confidentialite","status":"publish","type":"page","link":"https:\/\/dermage.pt\/fr\/politique-de-confidentialite\/","title":{"rendered":"Politique de Confidentialit\u00e9"},"content":{"rendered":"\n<p><a href=\"https:\/\/dermage.pt\/fr\/\">Notre <\/a>politique de confidentialit\u00e9 a pour objectif de d\u00e9crire en d\u00e9tail les diff\u00e9rents types d\u2019informations collect\u00e9es lors de votre interaction avec le site Web et d\u2019expliquer comment nous utilisons ces informations.<\/p>\n\n\n\n<h3 class=\"wp-block-heading\">Informations Collect\u00e9es<\/h3>\n\n\n\n<p>Dans le cadre de l&rsquo;utilisation de notre site web, l&rsquo;utilisateur peut transmettre diverses donn\u00e9es personnelles, telles que nom, e-mail, num\u00e9ro de t\u00e9l\u00e9phone et \/ ou t\u00e9l\u00e9phone portable, entre autres. La communication de ces donn\u00e9es est facultative et aux risques et p\u00e9rils de l&rsquo;utilisateur.<\/p>\n\n\n\n<p>Nous recueillons des informations vous concernant lorsque vous faites une demande de contact pour un service, lorsque vous appelez ou que vous vous abonnez \u00e0 notre newsletter mensuelle.<\/p>\n\n\n\n<p>Les donn\u00e9es personnelles collect\u00e9es sont celles qui sont n\u00e9cessaires aux fins pour lesquelles vous nous avez contact\u00e9s et qui traitent dans ce domaine avec des donn\u00e9es telles que le nom, l&rsquo;adresse, le num\u00e9ro de t\u00e9l\u00e9phone, l&rsquo;adresse de messagerie, l&rsquo;objet, la NIF (dans le cas d&rsquo;une transaction commerciale) et le document d&rsquo;identification (en cas d&rsquo;exercice d&rsquo;un droit). En rendant vos donn\u00e9es personnelles disponibles, vous autorisez la collecte, l&rsquo;utilisation et la divulgation de ces donn\u00e9es conform\u00e9ment aux r\u00e8gles \u00e9nonc\u00e9es dans les pr\u00e9sentes.<\/p>\n\n\n\n<p>Nous vous demandons de ne pas envoyer ni partager \u00e0 Cl\u00ednica DermAge des informations personnelles sensibles telles que l\u2019origine raciale ou ethnique, des opinions politiques, des convictions religieuses ou philosophiques, l\u2019appartenance \u00e0 un syndicat, ainsi que des donn\u00e9es g\u00e9n\u00e9tiques, des donn\u00e9es biom\u00e9triques, des informations relatives \u00e0 la sant\u00e9 ou \u00e0 donn\u00e9es sur la vie sexuelle ou l&rsquo;orientation sexuelle.<\/p>\n\n\n\n<p>Dans chaque acc\u00e8s \u00e0 notre site Web et \u00e0 son contenu, les donn\u00e9es d&rsquo;acc\u00e8s sont \u00e9galement enregistr\u00e9es sous forme de protocole. Chaque enregistrement peut inclure les donn\u00e9es suivantes:<\/p>\n\n\n\n<ul class=\"wp-block-list\"><li>Le site web \u00e0 partir duquel notre page est consult\u00e9e;<\/li><li>L&rsquo;adresse IP;<\/li><li>La date\/heure d&rsquo;acc\u00e8s;<\/li><li>Commande client;<\/li><li>Le code de r\u00e9ponse http;<\/li><li>La quantit\u00e9 de donn\u00e9es transmises;<\/li><li>Informations sur le navigateur et le syst\u00e8me d&rsquo;exploitation utilis\u00e9.<\/li><\/ul>\n\n\n\n<p>Les informations recueillies seront utilis\u00e9es pour rendre votre visite sur notre site aussi productive et agr\u00e9able que possible. La garantie de la confidentialit\u00e9 des donn\u00e9es personnelles des utilisateurs de notre site est importante pour Cl\u00ednica DermAge.<\/p>\n\n\n\n<p>Les informations concernant les clients, les membres, les abonn\u00e9s ou les visiteurs utilisant le site web dermage.pt seront trait\u00e9es conform\u00e9ment au r\u00e8glement g\u00e9n\u00e9ral sur la protection des donn\u00e9es du 25 mai 2018, qui remplace la loi sur la protection des donn\u00e9es du 26 octobre 1998. (Loi n \u00b0 67\/98).<\/p>\n\n\n\n<h3 class=\"wp-block-heading\">Comment Nous Utilisons vos Informations<\/h3>\n\n\n\n<p>Les informations collect\u00e9es sur notre site Web sont utilis\u00e9es pour traiter votre demande et, si vous y consentez, vous envoyer par courrier \u00e9lectronique des informations sur des articles concernant le marketing, les produits et services susceptibles de vous int\u00e9resser.<\/p>\n\n\n\n<p>Nous utilisons les informations collect\u00e9es sur le site pour personnaliser vos prochaines visites sur notre site.<\/p>\n\n\n\n<p>Cl\u00ednica DermAge ne partage pas vos informations pour des campagnes marketing avec des entreprises ext\u00e9rieures, ni ne transf\u00e8re vos donn\u00e9es personnelles vers un pays tiers.<\/p>\n\n\n\n<p>Vous avez le droit de d\u00e9poser une plainte aupr\u00e8s d&rsquo;une autorit\u00e9 de surveillance de l&rsquo;Union europ\u00e9enne concernant la protection de vos donn\u00e9es \u00e0 caract\u00e8re personnel. Cl\u00ednica DermAge coop\u00e9rera avec l&rsquo;autorit\u00e9 de contr\u00f4le en lui fournissant toutes les informations demand\u00e9es par elle dans l&rsquo;exercice de ses comp\u00e9tences.<\/p>\n\n\n\n<p>En tant que propri\u00e9taire de vos donn\u00e9es personnelles, vous disposez d&rsquo;un droit d&rsquo;acc\u00e8s, de rectification, d&rsquo;\u00e9limination (droit \u00e0 l&rsquo;oubli), de restriction de traitement, de portabilit\u00e9 et d&rsquo;opposition au traitement des donn\u00e9es personnelles, conform\u00e9ment au r\u00e8glement g\u00e9n\u00e9ral sur la protection des donn\u00e9es.<\/p>\n\n\n\n<p>Si vous souhaitez exercer vos droits, vous devez nous contacter par \u00e9crit, par courrier \u00e9lectronique ou par courrier postal \u00e0 l&rsquo;adresse du si\u00e8ge. Pour assurer votre protection, il peut vous \u00eatre demand\u00e9 de prouver votre identit\u00e9.<\/p>\n\n\n\n<h3 class=\"wp-block-heading\">Cookies<\/h3>\n\n\n\n<p>Consultez notre politique en mati\u00e8re de cookies sur <a href=\"https:\/\/dermage.pt\/fr\/politique-de-cookies\/\">cette page<\/a>.<\/p>\n\n\n\n<h3 class=\"wp-block-heading\">Liens Vers des Sites Web Tiers<\/h3>\n\n\n\n<p>Cl\u00ednica DermAge propose des liens externes vers d&rsquo;autres sites Web susceptibles de contenir des informations utiles ou des outils pour les visiteurs. La politique de confidentialit\u00e9 de dermage.pt ne s&rsquo;applique pas aux sites tiers. Par cons\u00e9quent, lorsque vous visitez ces sites \u00e0 partir de notre site web, vous devez lire leurs politiques de confidentialit\u00e9. Nous ne sommes pas responsables des politiques de confidentialit\u00e9 ou du contenu pr\u00e9sent sur ces m\u00eames sites.<\/p>\n\n\n\n<h3 class=\"wp-block-heading\">Campagnes et Marketing<\/h3>\n\n\n\n<p>Cl\u00ednica DermAge utilise le marketing par courrier \u00e9lectronique pour communiquer fr\u00e9quemment avec ses clients et ses clients potentiels. Toutes les campagnes cr\u00e9\u00e9es par nous sont \u00ab\u00a0opt-in\u00a0\u00bb, ce qui signifie qu&rsquo;aucun email ne sera envoy\u00e9 \u00e0 moins que l&rsquo;utilisateur n&rsquo;ait confirm\u00e9 son int\u00e9r\u00eat pour ce type de communication.<\/p>\n\n\n\n<h3 class=\"wp-block-heading\">Mise \u00e0 Jour de la Politique de Confidentialit\u00e9<\/h3>\n\n\n\n<p>Nos politiques de confidentialit\u00e9 sont revues r\u00e9guli\u00e8rement et toutes les modifications seront publi\u00e9es sur ce site web. Si vous avez des questions sur notre politique de confidentialit\u00e9, n&rsquo;h\u00e9sitez pas \u00e0 nous contacter.<\/p>\n","protected":false},"excerpt":{"rendered":"<p>Notre politique de confidentialit\u00e9 a pour objectif de d\u00e9crire en d\u00e9tail les diff\u00e9rents types d\u2019informations collect\u00e9es lors de votre interaction avec le site Web et d\u2019expliquer comment nous utilisons ces informations. Informations Collect\u00e9es Dans le cadre de l&rsquo;utilisation de notre site web, l&rsquo;utilisateur peut transmettre&#8230;<\/p>\n","protected":false},"author":3,"featured_media":5842,"parent":0,"menu_order":0,"comment_status":"closed","ping_status":"closed","template":"","meta":{"_acf_changed":false,"footnotes":""},"class_list":["page","status-publish","has-post-thumbnail"],"acf":[],"yoast_head":"<!-- This site is optimized with the Yoast SEO plugin v26.1.1 - https:\/\/yoast.com\/wordpress\/plugins\/seo\/ -->\n<title>Politique de Confidentialit\u00e9 | Clinique DermAge | Venez voir notre clinique!<\/title>\n<meta name=\"description\" content=\"Cette politique de confidentialit\u00e9 vise \u00e0 fournir des informations sur les droits des clients et des clients potentiels. Pour en savoir plus.\" \/>\n<meta name=\"robots\" content=\"index, follow, max-snippet:-1, max-image-preview:large, max-video-preview:-1\" \/>\n<link rel=\"canonical\" href=\"https:\/\/dermage.pt\/fr\/politique-de-confidentialite\/\" \/>\n<meta property=\"og:locale\" content=\"fr_FR\" \/>\n<meta property=\"og:type\" content=\"article\" \/>\n<meta property=\"og:title\" content=\"Politique de Confidentialit\u00e9 | Clinique DermAge | Venez voir notre clinique!\" \/>\n<meta property=\"og:description\" content=\"Cette politique de confidentialit\u00e9 vise \u00e0 fournir des informations sur les droits des clients et des clients potentiels. Pour en savoir plus.\" \/>\n<meta property=\"og:url\" content=\"https:\/\/dermage.pt\/fr\/politique-de-confidentialite\/\" \/>\n<meta property=\"og:site_name\" content=\"Cl\u00ednica DermAge\" \/>\n<meta property=\"article:publisher\" content=\"https:\/\/www.facebook.com\/ClinicaDermAge\" \/>\n<meta property=\"article:modified_time\" content=\"2022-03-30T08:59:01+00:00\" \/>\n<meta property=\"og:image\" content=\"https:\/\/dermage.pt\/wp-content\/uploads\/politica-privacidade-banner.jpg\" \/>\n\t<meta property=\"og:image:width\" content=\"1360\" \/>\n\t<meta property=\"og:image:height\" content=\"460\" \/>\n\t<meta property=\"og:image:type\" content=\"image\/jpeg\" \/>\n<meta name=\"twitter:card\" content=\"summary_large_image\" \/>\n<meta name=\"twitter:label1\" content=\"Dur\u00e9e de lecture estim\u00e9e\" \/>\n\t<meta name=\"twitter:data1\" content=\"5 minutes\" \/>\n<script type=\"application\/ld+json\" class=\"yoast-schema-graph\">{\"@context\":\"https:\/\/schema.org\",\"@graph\":[{\"@type\":\"WebPage\",\"@id\":\"https:\/\/dermage.pt\/fr\/politique-de-confidentialite\/\",\"url\":\"https:\/\/dermage.pt\/fr\/politique-de-confidentialite\/\",\"name\":\"Politique de Confidentialit\u00e9 | Clinique DermAge | Venez voir notre clinique!\",\"isPartOf\":{\"@id\":\"https:\/\/dermage.pt\/fr\/#website\"},\"primaryImageOfPage\":{\"@id\":\"https:\/\/dermage.pt\/fr\/politique-de-confidentialite\/#primaryimage\"},\"image\":{\"@id\":\"https:\/\/dermage.pt\/fr\/politique-de-confidentialite\/#primaryimage\"},\"thumbnailUrl\":\"https:\/\/dermage.pt\/wp-content\/uploads\/politica-privacidade-banner.jpg\",\"datePublished\":\"2021-01-07T11:09:57+00:00\",\"dateModified\":\"2022-03-30T08:59:01+00:00\",\"description\":\"Cette politique de confidentialit\u00e9 vise \u00e0 fournir des informations sur les droits des clients et des clients potentiels. Pour en savoir plus.\",\"breadcrumb\":{\"@id\":\"https:\/\/dermage.pt\/fr\/politique-de-confidentialite\/#breadcrumb\"},\"inLanguage\":\"fr-FR\",\"potentialAction\":[{\"@type\":\"ReadAction\",\"target\":[\"https:\/\/dermage.pt\/fr\/politique-de-confidentialite\/\"]}]},{\"@type\":\"ImageObject\",\"inLanguage\":\"fr-FR\",\"@id\":\"https:\/\/dermage.pt\/fr\/politique-de-confidentialite\/#primaryimage\",\"url\":\"https:\/\/dermage.pt\/wp-content\/uploads\/politica-privacidade-banner.jpg\",\"contentUrl\":\"https:\/\/dermage.pt\/wp-content\/uploads\/politica-privacidade-banner.jpg\",\"width\":1360,\"height\":460,\"caption\":\"Politique de Confidentialit\u00e9\"},{\"@type\":\"BreadcrumbList\",\"@id\":\"https:\/\/dermage.pt\/fr\/politique-de-confidentialite\/#breadcrumb\",\"itemListElement\":[{\"@type\":\"ListItem\",\"position\":1,\"name\":\"In\u00edcio\",\"item\":\"https:\/\/dermage.pt\/fr\/\"},{\"@type\":\"ListItem\",\"position\":2,\"name\":\"Politique de Confidentialit\u00e9\"}]},{\"@type\":\"WebSite\",\"@id\":\"https:\/\/dermage.pt\/fr\/#website\",\"url\":\"https:\/\/dermage.pt\/fr\/\",\"name\":\"Cl\u00ednica DermAge\",\"description\":\"Cl\u00ednica de Dermatologia e Rejuvenescimento\",\"publisher\":{\"@id\":\"https:\/\/dermage.pt\/fr\/#organization\"},\"potentialAction\":[{\"@type\":\"SearchAction\",\"target\":{\"@type\":\"EntryPoint\",\"urlTemplate\":\"https:\/\/dermage.pt\/fr\/?s={search_term_string}\"},\"query-input\":{\"@type\":\"PropertyValueSpecification\",\"valueRequired\":true,\"valueName\":\"search_term_string\"}}],\"inLanguage\":\"fr-FR\"},{\"@type\":\"Organization\",\"@id\":\"https:\/\/dermage.pt\/fr\/#organization\",\"name\":\"Cl\u00ednica DermAge\",\"url\":\"https:\/\/dermage.pt\/fr\/\",\"logo\":{\"@type\":\"ImageObject\",\"inLanguage\":\"fr-FR\",\"@id\":\"https:\/\/dermage.pt\/fr\/#\/schema\/logo\/image\/\",\"url\":\"https:\/\/dermage.pt\/wp-content\/uploads\/logo-principal.svg\",\"contentUrl\":\"https:\/\/dermage.pt\/wp-content\/uploads\/logo-principal.svg\",\"width\":1,\"height\":1,\"caption\":\"Cl\u00ednica DermAge\"},\"image\":{\"@id\":\"https:\/\/dermage.pt\/fr\/#\/schema\/logo\/image\/\"},\"sameAs\":[\"https:\/\/www.facebook.com\/ClinicaDermAge\",\"https:\/\/www.instagram.com\/clinicadermage\/\",\"https:\/\/www.youtube.com\/user\/videosDERMAGE\"]}]}<\/script>\n<!-- \/ Yoast SEO plugin. -->","yoast_head_json":{"title":"Politique de Confidentialit\u00e9 | Clinique DermAge | Venez voir notre clinique!","description":"Cette politique de confidentialit\u00e9 vise \u00e0 fournir des informations sur les droits des clients et des clients potentiels. Pour en savoir plus.","robots":{"index":"index","follow":"follow","max-snippet":"max-snippet:-1","max-image-preview":"max-image-preview:large","max-video-preview":"max-video-preview:-1"},"canonical":"https:\/\/dermage.pt\/fr\/politique-de-confidentialite\/","og_locale":"fr_FR","og_type":"article","og_title":"Politique de Confidentialit\u00e9 | Clinique DermAge | Venez voir notre clinique!","og_description":"Cette politique de confidentialit\u00e9 vise \u00e0 fournir des informations sur les droits des clients et des clients potentiels. Pour en savoir plus.","og_url":"https:\/\/dermage.pt\/fr\/politique-de-confidentialite\/","og_site_name":"Cl\u00ednica DermAge","article_publisher":"https:\/\/www.facebook.com\/ClinicaDermAge","article_modified_time":"2022-03-30T08:59:01+00:00","og_image":[{"width":1360,"height":460,"url":"https:\/\/dermage.pt\/wp-content\/uploads\/politica-privacidade-banner.jpg","type":"image\/jpeg"}],"twitter_card":"summary_large_image","twitter_misc":{"Dur\u00e9e de lecture estim\u00e9e":"5 minutes"},"schema":{"@context":"https:\/\/schema.org","@graph":[{"@type":"WebPage","@id":"https:\/\/dermage.pt\/fr\/politique-de-confidentialite\/","url":"https:\/\/dermage.pt\/fr\/politique-de-confidentialite\/","name":"Politique de Confidentialit\u00e9 | Clinique DermAge | Venez voir notre clinique!","isPartOf":{"@id":"https:\/\/dermage.pt\/fr\/#website"},"primaryImageOfPage":{"@id":"https:\/\/dermage.pt\/fr\/politique-de-confidentialite\/#primaryimage"},"image":{"@id":"https:\/\/dermage.pt\/fr\/politique-de-confidentialite\/#primaryimage"},"thumbnailUrl":"https:\/\/dermage.pt\/wp-content\/uploads\/politica-privacidade-banner.jpg","datePublished":"2021-01-07T11:09:57+00:00","dateModified":"2022-03-30T08:59:01+00:00","description":"Cette politique de confidentialit\u00e9 vise \u00e0 fournir des informations sur les droits des clients et des clients potentiels. Pour en savoir plus.","breadcrumb":{"@id":"https:\/\/dermage.pt\/fr\/politique-de-confidentialite\/#breadcrumb"},"inLanguage":"fr-FR","potentialAction":[{"@type":"ReadAction","target":["https:\/\/dermage.pt\/fr\/politique-de-confidentialite\/"]}]},{"@type":"ImageObject","inLanguage":"fr-FR","@id":"https:\/\/dermage.pt\/fr\/politique-de-confidentialite\/#primaryimage","url":"https:\/\/dermage.pt\/wp-content\/uploads\/politica-privacidade-banner.jpg","contentUrl":"https:\/\/dermage.pt\/wp-content\/uploads\/politica-privacidade-banner.jpg","width":1360,"height":460,"caption":"Politique de Confidentialit\u00e9"},{"@type":"BreadcrumbList","@id":"https:\/\/dermage.pt\/fr\/politique-de-confidentialite\/#breadcrumb","itemListElement":[{"@type":"ListItem","position":1,"name":"In\u00edcio","item":"https:\/\/dermage.pt\/fr\/"},{"@type":"ListItem","position":2,"name":"Politique de Confidentialit\u00e9"}]},{"@type":"WebSite","@id":"https:\/\/dermage.pt\/fr\/#website","url":"https:\/\/dermage.pt\/fr\/","name":"Cl\u00ednica DermAge","description":"Cl\u00ednica de Dermatologia e Rejuvenescimento","publisher":{"@id":"https:\/\/dermage.pt\/fr\/#organization"},"potentialAction":[{"@type":"SearchAction","target":{"@type":"EntryPoint","urlTemplate":"https:\/\/dermage.pt\/fr\/?s={search_term_string}"},"query-input":{"@type":"PropertyValueSpecification","valueRequired":true,"valueName":"search_term_string"}}],"inLanguage":"fr-FR"},{"@type":"Organization","@id":"https:\/\/dermage.pt\/fr\/#organization","name":"Cl\u00ednica DermAge","url":"https:\/\/dermage.pt\/fr\/","logo":{"@type":"ImageObject","inLanguage":"fr-FR","@id":"https:\/\/dermage.pt\/fr\/#\/schema\/logo\/image\/","url":"https:\/\/dermage.pt\/wp-content\/uploads\/logo-principal.svg","contentUrl":"https:\/\/dermage.pt\/wp-content\/uploads\/logo-principal.svg","width":1,"height":1,"caption":"Cl\u00ednica DermAge"},"image":{"@id":"https:\/\/dermage.pt\/fr\/#\/schema\/logo\/image\/"},"sameAs":["https:\/\/www.facebook.com\/ClinicaDermAge","https:\/\/www.instagram.com\/clinicadermage\/","https:\/\/www.youtube.com\/user\/videosDERMAGE"]}]}},"_links":{"self":[{"href":"https:\/\/dermage.pt\/fr\/wp-json\/wp\/v2\/pages\/7464","targetHints":{"allow":["GET"]}}],"collection":[{"href":"https:\/\/dermage.pt\/fr\/wp-json\/wp\/v2\/pages"}],"about":[{"href":"https:\/\/dermage.pt\/fr\/wp-json\/wp\/v2\/types\/page"}],"author":[{"embeddable":true,"href":"https:\/\/dermage.pt\/fr\/wp-json\/wp\/v2\/users\/3"}],"replies":[{"embeddable":true,"href":"https:\/\/dermage.pt\/fr\/wp-json\/wp\/v2\/comments?post=7464"}],"version-history":[{"count":2,"href":"https:\/\/dermage.pt\/fr\/wp-json\/wp\/v2\/pages\/7464\/revisions"}],"predecessor-version":[{"id":10147,"href":"https:\/\/dermage.pt\/fr\/wp-json\/wp\/v2\/pages\/7464\/revisions\/10147"}],"wp:featuredmedia":[{"embeddable":true,"href":"https:\/\/dermage.pt\/fr\/wp-json\/wp\/v2\/media\/5842"}],"wp:attachment":[{"href":"https:\/\/dermage.pt\/fr\/wp-json\/wp\/v2\/media?parent=7464"}],"curies":[{"name":"wp","href":"https:\/\/api.w.org\/{rel}","templated":true}]}}