{"id":7467,"date":"2021-01-07T11:16:25","date_gmt":"2021-01-07T11:16:25","guid":{"rendered":"https:\/\/dermage.dev-smartkiss.net\/?page_id=7467"},"modified":"2022-03-30T08:51:33","modified_gmt":"2022-03-30T08:51:33","slug":"termes-et-conditions","status":"publish","type":"page","link":"https:\/\/dermage.pt\/fr\/termes-et-conditions\/","title":{"rendered":"Termes et Conditions"},"content":{"rendered":"\n<p>Ces termes et conditions abordent les points suivants:<\/p>\n\n\n\n<h3 class=\"wp-block-heading\">Exactitude, Int\u00e9grit\u00e9 et Temporalit\u00e9 de l&rsquo;Information<\/h3>\n\n\n\n<p>Bien que tous les moyens \u00e0 notre disposition soient utilis\u00e9s pour garantir l\u2019int\u00e9grit\u00e9 des informations, nous d\u00e9clinons toute responsabilit\u00e9 si les informations fournies ne sont ni pr\u00e9cises ni compl\u00e8tes.<\/p>\n\n\n\n<p>Toute modification que vous apportez au contenu mis \u00e0 disposition sur ce site web sera effectu\u00e9e \u00e0 vos risques et p\u00e9rils et sera responsable de ces modifications.<\/p>\n\n\n\n<h3 class=\"wp-block-heading\">Transmission de Donn\u00e9es<\/h3>\n\n\n\n<p>Tout contenu ou toute communication de donn\u00e9es non personnelles que vous nous envoyez par courrier \u00e9lectronique ou par tout autre moyen contenant des donn\u00e9es, des questions, des commentaires, des suggestions ou toute autre information similaire sera trait\u00e9 comme une donn\u00e9e non confidentielle et sans droits de propri\u00e9t\u00e9.<\/p>\n\n\n\n<p>Toute information que vous nous communiquez ou que vous publiez sur notre site web devient la propri\u00e9t\u00e9 de dermage.pt et peut \u00eatre utilis\u00e9e en toutes circonstances, y compris la diffusion, la reproduction, la transmission, la publication, la diffusion et le placement de contenu sur le web. Cl\u00ednica DermAge est totalement libre d\u2019utiliser, \u00e0 des fins qu\u2019il juge appropri\u00e9es (y compris, entre autres, le d\u00e9veloppement, la production, la publicit\u00e9 et le marketing de produits), des id\u00e9es, des travaux cr\u00e9atifs, des inventions, des d\u00e9veloppements, des suggestions et des concepts. pr\u00e9sent g\u00e9n\u00e9ral dans toute communication que vous nous envoyez. L&rsquo;utilisation de ces contenus est exempte de compensation mon\u00e9taire pour la partie qui a rendu l&rsquo;information disponible.<\/p>\n\n\n\n<p>En soumettant des informations sur le site web dermage.pt, vous garantissez simultan\u00e9ment que le contenu de dermage.pt rel\u00e8ve de votre responsabilit\u00e9 et n&rsquo;est pas diffamatoire, et que l&rsquo;utilisation par Cl\u00ednica DermAge ne constitue pas une violation des droits des tiers ni de la loi applicable. Cl\u00ednica DermAge n&rsquo;est pas oblig\u00e9 d&rsquo;utiliser les informations fournies.<\/p>\n\n\n\n<h3 class=\"wp-block-heading\">Droits de Propri\u00e9t\u00e9 Intellectuelle<\/h3>\n\n\n\n<p>Tous les droits d&rsquo;auteur et autres droits de propri\u00e9t\u00e9 intellectuelle inh\u00e9rents aux textes, images et autres contenus g\u00e9n\u00e9ralement partag\u00e9s sur ce site sont la propri\u00e9t\u00e9 de Cl\u00ednica DermAge ou sont utilis\u00e9s par Cl\u00ednica DermAge avec l&rsquo;autorisation de son propri\u00e9taire.<\/p>\n\n\n\n<p>Vous \u00eates autoris\u00e9 \u00e0 parcourir, reproduire des extraits de contenu de ce site web par impression et t\u00e9l\u00e9chargement sur un disque dur, \u00e0 des fins de divulgation \u00e0 d&rsquo;autres personnes. Cette situation n\u2019est autoris\u00e9e que si le respect du droit d\u2019auteur et des autres droits de propri\u00e9t\u00e9 intellectuelle est respect\u00e9, et \u00e0 condition qu\u2019une r\u00e9f\u00e9rence \u00e0 la marque d\u00e9crite ci-dessus soit faite dans ces reproductions. La reproduction totale ou partielle du site \u00e0 des fins commerciales est interdite, ainsi que sa modification et son incorporation dans tout autre article, publication ou site web.<\/p>\n\n\n\n<p>Aucun contenu de ce site web ne peut \u00eatre interpr\u00e9t\u00e9 comme accordant une licence, une autorisation ou le droit d&rsquo;utiliser une telle marque. L&rsquo;utilisation ou l&rsquo;utilisation incorrecte ou abusive de la marque ou de tout autre contenu de ce site web est express\u00e9ment interdite, sauf dans les cas pr\u00e9vus dans les pr\u00e9sentes conditions d&rsquo;utilisation. Le site web dermage.pt utilisera \u00e9galement tous les m\u00e9canismes juridiques pour prot\u00e9ger et faire respecter vos droits de propri\u00e9t\u00e9 intellectuelle.<\/p>\n\n\n\n<h3 class=\"wp-block-heading\">Liens Vers d&rsquo;Autres Sites Web<\/h3>\n\n\n\n<p>Sur le site web de Cl\u00ednica DermAge, vous pouvez trouver des liens d&rsquo;acc\u00e8s \u00e0 d&rsquo;autres sites web en dehors de dermage.pt. Le site web dermage.pt d\u00e9cline donc toute responsabilit\u00e9 quant au contenu, \u00e0 l&rsquo;exactitude, \u00e0 la cr\u00e9dibilit\u00e9 et aux fonctionnalit\u00e9s des sites web de tiers. La mise \u00e0 disposition de ces liens est faite de bonne foi et dermage.pt ne peut \u00eatre tenu responsable des modifications apport\u00e9es aux sites web.<\/p>\n\n\n\n<p>Nous vous conseillons de lire et de lire les informations l\u00e9gales et la politique de confidentialit\u00e9 de chaque site web que vous visitez.<\/p>\n\n\n\n<h3 class=\"wp-block-heading\">Garanties et D\u00e9ni de Responsabilit\u00e9<\/h3>\n\n\n\n<p>La fa\u00e7on dont vous utilisez ce site Web et le contenu qu&rsquo;il contient est \u00e0 vos risques et p\u00e9rils.<\/p>\n\n\n\n<h3 class=\"wp-block-heading\">Garanties<\/h3>\n\n\n\n<p>Ce site Web est disponible avec le contenu et les informations qu\u2019il contient actuellement. Cl\u00ednica DermAge n&rsquo;offre aucune garantie d&rsquo;aucune sorte, notamment la garantie que le contenu de ce site est complet, que l&rsquo;acc\u00e8s \u00e0 cette page est ininterrompu ou exempt d&rsquo;erreurs et qu&rsquo;il ne contient pas de virus. Cela ne garantit pas que le site web est s\u00e9curis\u00e9 ni que les conseils ou avis de Cl\u00ednica DermAge acquis par l&rsquo;interm\u00e9diaire de ce site web, sont totalement fiables, raison pour laquelle dermage.pt n&rsquo;assume aucun engagement ni garantie sur les aspects mentionn\u00e9s.<\/p>\n\n\n\n<p>Il est important de noter que dans certaines juridictions, les exclusions de garanties implicites peuvent ne pas \u00eatre autoris\u00e9es, de sorte que certaines de ces exclusions peuvent ne pas s&rsquo;appliquer \u00e0 vous.<\/p>\n\n\n\n<p>Cl\u00ednica DermAge se r\u00e9serve le droit, \u00e0 tout moment et sans pr\u00e9avis, de restreindre, de suspendre et\/ou d&rsquo;annuler l&rsquo;acc\u00e8s au site Web ou \u00e0 une partie de celui-ci, ainsi qu&rsquo;\u00e0 toute fonctionnalit\u00e9 de cette page.<\/p>\n\n\n\n<h3 class=\"wp-block-heading\">Responsabilit\u00e9<\/h3>\n\n\n\n<p>Cl\u00ednica DermAge et\/ou toute autre entit\u00e9 impliqu\u00e9e dans le processus de cr\u00e9ation, de production et de d\u00e9veloppement de ce site Web ne pourra en aucun cas \u00eatre tenu responsable des dommages directs et\/ou indirects, des dommages accessoires, des dommages mat\u00e9riels et\/ou non financiers, des dommages survenant et\/ou ou perte de profits, ou tout autre dommage et\/ou co\u00fbts r\u00e9sultant de votre acc\u00e8s, utilisation ou impossibilit\u00e9 d&rsquo;utiliser, modification du contenu de ce site, tout autre site auquel vous acc\u00e9dez via un lien sur ce site, en raison d&rsquo;une action quelconque que nous puissions adopter, ou ne pas adopter, \u00e0 la suite d\u2019un message \u00e9lectronique qui pourrait nous avoir envoy\u00e9.<\/p>\n\n\n\n<p>Cl\u00ednica DermAge n&rsquo;assume aucune responsabilit\u00e9 pour les pertes et\/ou dommages subis par les virus pouvant affecter votre ordinateur en raison de l&rsquo;acc\u00e8s, de l&rsquo;utilisation ou du t\u00e9l\u00e9chargement du contenu de ce site. Si vous choisissez de t\u00e9l\u00e9charger du contenu \u00e0 partir de ce site, vous le ferez \u00e0 vos risques et p\u00e9rils.<\/p>\n\n\n\n<p>L&rsquo;utilisateur d\u00e9clare par la pr\u00e9sente strictement renoncer \u00e0 toute r\u00e9clamation \u00e0 l&rsquo;encontre de Cl\u00ednica DermAge et de ses responsables, qui pourrait r\u00e9sulter de l&rsquo;utilisation ou de l&rsquo;acc\u00e8s \u00e0 cette page web.<\/p>\n\n\n\n<h3 class=\"wp-block-heading\">Activit\u00e9s Interdites<\/h3>\n\n\n\n<p>Toute activit\u00e9 jug\u00e9e inappropri\u00e9e et\/ou susceptible d&rsquo;\u00eatre ill\u00e9gale par Cl\u00ednica DermAge en vertu de la loi applicable \u00e0 ce site Web, y compris, mais sans s&rsquo;y limiter:<\/p>\n\n\n\n<ul class=\"wp-block-list\"><li>Tout acte pouvant impliquer une violation de la vie priv\u00e9e (y compris l&rsquo;envoi d&rsquo;informations priv\u00e9es sur ce site web sans le consentement de la personne en question) ou tout autre droit l\u00e9gal des personnes;<\/li><li>Utilisez ce site Web pour diffamer et\/ou blesser Cl\u00ednica DermAge, ses employ\u00e9s ou d&rsquo;autres personnes physiques ou morales, ou agissez de mani\u00e8re \u00e0 discr\u00e9diter la r\u00e9putation dermage.pt;<\/li><li>Envoyez \u00e0 ce site des fichiers contenant des virus pouvant causer des dommages \u00e0 la propri\u00e9t\u00e9 de Cl\u00ednica DermAge ou \u00e0 celle de personnes physiques;<\/li><li>Placer ou transmettre \u00e0 ce site Web tout contenu non autoris\u00e9, y compris, sans toutefois s&rsquo;y limiter, le contenu qui, selon notre compr\u00e9hension, provoque des dommages ou des dommages, ou qui enfreint les syst\u00e8mes de s\u00e9curit\u00e9 de dermage.pt ou de tiers, les contenus qui sont des contenus diffamatoires, racistes, obsc\u00e8nes, mena\u00e7ants, pornographiques ou actuels qui pourraient \u00eatre class\u00e9s comme illicites en g\u00e9n\u00e9ral.<\/li><\/ul>\n\n\n\n<h3 class=\"wp-block-heading\">Juridiction et L\u00e9gislation Applicable<\/h3>\n\n\n\n<p>Le contenu et les informations de dermage.pt contenues dans cette page Web sont mises \u00e0 la disposition exclusive des utilisateurs au Portugal. Cl\u00ednica DermAge ne pr\u00e9sume pas que ce contenu et ces informations sont appropri\u00e9s ou disponibles dans d&rsquo;autres pays.<\/p>\n\n\n\n<p>L&rsquo;utilisateur de cette page et dermage.pt acceptent sans r\u00e9serve que tout litige ou litige r\u00e9sultant de l&rsquo;utilisation de cette page Web soit r\u00e9gi par le droit portugais, dont la comp\u00e9tence soit reconnue, avec renonciation expresse de toute autre, le forum de la r\u00e9gion de Lisbonne, Portugal.<\/p>\n\n\n\n<p>En cas de litige, en vertu de la loi n \u00b0 144\/2015 du 8 septembre, le consommateur peut utiliser les entit\u00e9s de r\u00e9solution de litige suivantes: &#8211; CNIACC &#8211; Centre National d&rsquo;Information et d&rsquo;Arbitrage pour les Conflits d&rsquo;Int\u00e9r\u00eats la Consommation; &#8211; Centre d&rsquo;Arbitrage des Conflits de Consommation de Lisbonne. Toutes les informations et tous les contacts \u00e9tant disponibles sur le portail des consommateurs en <a href=\"http:\/\/www.consumidor.pt\" target=\"_blank\" rel=\"noreferrer noopener\">www.consumidor.pt<\/a>.<\/p>\n\n\n\n<h3 class=\"wp-block-heading\">Cookies<\/h3>\n\n\n\n<p>Cl\u00ednica DermAge utilise la technologie de recherche par le biais de cookies. La politique de Cl\u00ednica DermAge sur l&rsquo;utilisation de cookies est d\u00e9finie dans la politique de confidentialit\u00e9 accessible via ce <a href=\"https:\/\/dermage.pt\/fr\/politique-de-cookies\/\">lien<\/a>.<\/p>\n\n\n\n<h3 class=\"wp-block-heading\">Contact<\/h3>\n\n\n\n<p>Afin de clarifier tout probl\u00e8me li\u00e9 aux pr\u00e9sentes conditions d&rsquo;utilisation du site eeb Cl\u00ednica DermAge, vous devez contacter le courrier \u00e9lectronique g\u00e9n\u00e9ral de Cl\u00ednica DermAge: <a href=\"mailto:info@smartkiss.net\">info@dermage.pt<\/a><\/p>\n\n\n\n<h3 class=\"wp-block-heading\">Mises \u00e0 Jour L\u00e9gales<\/h3>\n\n\n\n<p>Nous nous r\u00e9servons le droit de modifier cette politique de confidentialit\u00e9. S&rsquo;il vous pla\u00eet visitez cette page r\u00e9guli\u00e8rement pour examiner les informations contenues sur le site et toutes les nouvelles informations.<\/p>\n\n\n\n<p>Les pr\u00e9sentes conditions g\u00e9n\u00e9rales ont \u00e9t\u00e9 revues et mises \u00e0 jour le 24 mai 2018.<\/p>\n","protected":false},"excerpt":{"rendered":"<p>Ces termes et conditions abordent les points suivants: Exactitude, Int\u00e9grit\u00e9 et Temporalit\u00e9 de l&rsquo;Information Bien que tous les moyens \u00e0 notre disposition soient utilis\u00e9s pour garantir l\u2019int\u00e9grit\u00e9 des informations, nous d\u00e9clinons toute responsabilit\u00e9 si les informations fournies ne sont ni pr\u00e9cises ni compl\u00e8tes. Toute modification&#8230;<\/p>\n","protected":false},"author":3,"featured_media":5845,"parent":0,"menu_order":0,"comment_status":"closed","ping_status":"closed","template":"","meta":{"_acf_changed":false,"footnotes":""},"class_list":["page","status-publish","has-post-thumbnail"],"acf":[],"yoast_head":"<!-- This site is optimized with the Yoast SEO plugin v26.1.1 - https:\/\/yoast.com\/wordpress\/plugins\/seo\/ -->\n<title>Termes et Conditions | Clinique DermAge | Venez voir notre clinique!<\/title>\n<meta name=\"description\" content=\"L\u2019utilisation de ce site Web repr\u00e9sente l\u2019acceptation des termes et conditions suivants. Exactitude, int\u00e9grit\u00e9 et rapidit\u00e9 de l\u2019information.\" \/>\n<meta name=\"robots\" content=\"index, follow, max-snippet:-1, max-image-preview:large, max-video-preview:-1\" \/>\n<link rel=\"canonical\" href=\"https:\/\/dermage.pt\/fr\/termes-et-conditions\/\" \/>\n<meta property=\"og:locale\" content=\"fr_FR\" \/>\n<meta property=\"og:type\" content=\"article\" \/>\n<meta property=\"og:title\" content=\"Termes et Conditions | Clinique DermAge | Venez voir notre clinique!\" \/>\n<meta property=\"og:description\" content=\"L\u2019utilisation de ce site Web repr\u00e9sente l\u2019acceptation des termes et conditions suivants. Exactitude, int\u00e9grit\u00e9 et rapidit\u00e9 de l\u2019information.\" \/>\n<meta property=\"og:url\" content=\"https:\/\/dermage.pt\/fr\/termes-et-conditions\/\" \/>\n<meta property=\"og:site_name\" content=\"Cl\u00ednica DermAge\" \/>\n<meta property=\"article:publisher\" content=\"https:\/\/www.facebook.com\/ClinicaDermAge\" \/>\n<meta property=\"article:modified_time\" content=\"2022-03-30T08:51:33+00:00\" \/>\n<meta property=\"og:image\" content=\"https:\/\/dermage.pt\/wp-content\/uploads\/termos-condicoes-banner.jpg\" \/>\n\t<meta property=\"og:image:width\" content=\"1360\" \/>\n\t<meta property=\"og:image:height\" content=\"460\" \/>\n\t<meta property=\"og:image:type\" content=\"image\/jpeg\" \/>\n<meta name=\"twitter:card\" content=\"summary_large_image\" \/>\n<meta name=\"twitter:label1\" content=\"Dur\u00e9e de lecture estim\u00e9e\" \/>\n\t<meta name=\"twitter:data1\" content=\"8 minutes\" \/>\n<script type=\"application\/ld+json\" class=\"yoast-schema-graph\">{\"@context\":\"https:\/\/schema.org\",\"@graph\":[{\"@type\":\"WebPage\",\"@id\":\"https:\/\/dermage.pt\/fr\/termes-et-conditions\/\",\"url\":\"https:\/\/dermage.pt\/fr\/termes-et-conditions\/\",\"name\":\"Termes et Conditions | Clinique DermAge | Venez voir notre clinique!\",\"isPartOf\":{\"@id\":\"https:\/\/dermage.pt\/fr\/#website\"},\"primaryImageOfPage\":{\"@id\":\"https:\/\/dermage.pt\/fr\/termes-et-conditions\/#primaryimage\"},\"image\":{\"@id\":\"https:\/\/dermage.pt\/fr\/termes-et-conditions\/#primaryimage\"},\"thumbnailUrl\":\"https:\/\/dermage.pt\/wp-content\/uploads\/termos-condicoes-banner.jpg\",\"datePublished\":\"2021-01-07T11:16:25+00:00\",\"dateModified\":\"2022-03-30T08:51:33+00:00\",\"description\":\"L\u2019utilisation de ce site Web repr\u00e9sente l\u2019acceptation des termes et conditions suivants. Exactitude, int\u00e9grit\u00e9 et rapidit\u00e9 de l\u2019information.\",\"breadcrumb\":{\"@id\":\"https:\/\/dermage.pt\/fr\/termes-et-conditions\/#breadcrumb\"},\"inLanguage\":\"fr-FR\",\"potentialAction\":[{\"@type\":\"ReadAction\",\"target\":[\"https:\/\/dermage.pt\/fr\/termes-et-conditions\/\"]}]},{\"@type\":\"ImageObject\",\"inLanguage\":\"fr-FR\",\"@id\":\"https:\/\/dermage.pt\/fr\/termes-et-conditions\/#primaryimage\",\"url\":\"https:\/\/dermage.pt\/wp-content\/uploads\/termos-condicoes-banner.jpg\",\"contentUrl\":\"https:\/\/dermage.pt\/wp-content\/uploads\/termos-condicoes-banner.jpg\",\"width\":1360,\"height\":460,\"caption\":\"Termes et Conditions\"},{\"@type\":\"BreadcrumbList\",\"@id\":\"https:\/\/dermage.pt\/fr\/termes-et-conditions\/#breadcrumb\",\"itemListElement\":[{\"@type\":\"ListItem\",\"position\":1,\"name\":\"In\u00edcio\",\"item\":\"https:\/\/dermage.pt\/fr\/\"},{\"@type\":\"ListItem\",\"position\":2,\"name\":\"Termes et Conditions\"}]},{\"@type\":\"WebSite\",\"@id\":\"https:\/\/dermage.pt\/fr\/#website\",\"url\":\"https:\/\/dermage.pt\/fr\/\",\"name\":\"Cl\u00ednica DermAge\",\"description\":\"Cl\u00ednica de Dermatologia e Rejuvenescimento\",\"publisher\":{\"@id\":\"https:\/\/dermage.pt\/fr\/#organization\"},\"potentialAction\":[{\"@type\":\"SearchAction\",\"target\":{\"@type\":\"EntryPoint\",\"urlTemplate\":\"https:\/\/dermage.pt\/fr\/?s={search_term_string}\"},\"query-input\":{\"@type\":\"PropertyValueSpecification\",\"valueRequired\":true,\"valueName\":\"search_term_string\"}}],\"inLanguage\":\"fr-FR\"},{\"@type\":\"Organization\",\"@id\":\"https:\/\/dermage.pt\/fr\/#organization\",\"name\":\"Cl\u00ednica DermAge\",\"url\":\"https:\/\/dermage.pt\/fr\/\",\"logo\":{\"@type\":\"ImageObject\",\"inLanguage\":\"fr-FR\",\"@id\":\"https:\/\/dermage.pt\/fr\/#\/schema\/logo\/image\/\",\"url\":\"https:\/\/dermage.pt\/wp-content\/uploads\/logo-principal.svg\",\"contentUrl\":\"https:\/\/dermage.pt\/wp-content\/uploads\/logo-principal.svg\",\"width\":1,\"height\":1,\"caption\":\"Cl\u00ednica DermAge\"},\"image\":{\"@id\":\"https:\/\/dermage.pt\/fr\/#\/schema\/logo\/image\/\"},\"sameAs\":[\"https:\/\/www.facebook.com\/ClinicaDermAge\",\"https:\/\/www.instagram.com\/clinicadermage\/\",\"https:\/\/www.youtube.com\/user\/videosDERMAGE\"]}]}<\/script>\n<!-- \/ Yoast SEO plugin. -->","yoast_head_json":{"title":"Termes et Conditions | Clinique DermAge | Venez voir notre clinique!","description":"L\u2019utilisation de ce site Web repr\u00e9sente l\u2019acceptation des termes et conditions suivants. Exactitude, int\u00e9grit\u00e9 et rapidit\u00e9 de l\u2019information.","robots":{"index":"index","follow":"follow","max-snippet":"max-snippet:-1","max-image-preview":"max-image-preview:large","max-video-preview":"max-video-preview:-1"},"canonical":"https:\/\/dermage.pt\/fr\/termes-et-conditions\/","og_locale":"fr_FR","og_type":"article","og_title":"Termes et Conditions | Clinique DermAge | Venez voir notre clinique!","og_description":"L\u2019utilisation de ce site Web repr\u00e9sente l\u2019acceptation des termes et conditions suivants. Exactitude, int\u00e9grit\u00e9 et rapidit\u00e9 de l\u2019information.","og_url":"https:\/\/dermage.pt\/fr\/termes-et-conditions\/","og_site_name":"Cl\u00ednica DermAge","article_publisher":"https:\/\/www.facebook.com\/ClinicaDermAge","article_modified_time":"2022-03-30T08:51:33+00:00","og_image":[{"width":1360,"height":460,"url":"https:\/\/dermage.pt\/wp-content\/uploads\/termos-condicoes-banner.jpg","type":"image\/jpeg"}],"twitter_card":"summary_large_image","twitter_misc":{"Dur\u00e9e de lecture estim\u00e9e":"8 minutes"},"schema":{"@context":"https:\/\/schema.org","@graph":[{"@type":"WebPage","@id":"https:\/\/dermage.pt\/fr\/termes-et-conditions\/","url":"https:\/\/dermage.pt\/fr\/termes-et-conditions\/","name":"Termes et Conditions | Clinique DermAge | Venez voir notre clinique!","isPartOf":{"@id":"https:\/\/dermage.pt\/fr\/#website"},"primaryImageOfPage":{"@id":"https:\/\/dermage.pt\/fr\/termes-et-conditions\/#primaryimage"},"image":{"@id":"https:\/\/dermage.pt\/fr\/termes-et-conditions\/#primaryimage"},"thumbnailUrl":"https:\/\/dermage.pt\/wp-content\/uploads\/termos-condicoes-banner.jpg","datePublished":"2021-01-07T11:16:25+00:00","dateModified":"2022-03-30T08:51:33+00:00","description":"L\u2019utilisation de ce site Web repr\u00e9sente l\u2019acceptation des termes et conditions suivants. Exactitude, int\u00e9grit\u00e9 et rapidit\u00e9 de l\u2019information.","breadcrumb":{"@id":"https:\/\/dermage.pt\/fr\/termes-et-conditions\/#breadcrumb"},"inLanguage":"fr-FR","potentialAction":[{"@type":"ReadAction","target":["https:\/\/dermage.pt\/fr\/termes-et-conditions\/"]}]},{"@type":"ImageObject","inLanguage":"fr-FR","@id":"https:\/\/dermage.pt\/fr\/termes-et-conditions\/#primaryimage","url":"https:\/\/dermage.pt\/wp-content\/uploads\/termos-condicoes-banner.jpg","contentUrl":"https:\/\/dermage.pt\/wp-content\/uploads\/termos-condicoes-banner.jpg","width":1360,"height":460,"caption":"Termes et Conditions"},{"@type":"BreadcrumbList","@id":"https:\/\/dermage.pt\/fr\/termes-et-conditions\/#breadcrumb","itemListElement":[{"@type":"ListItem","position":1,"name":"In\u00edcio","item":"https:\/\/dermage.pt\/fr\/"},{"@type":"ListItem","position":2,"name":"Termes et Conditions"}]},{"@type":"WebSite","@id":"https:\/\/dermage.pt\/fr\/#website","url":"https:\/\/dermage.pt\/fr\/","name":"Cl\u00ednica DermAge","description":"Cl\u00ednica de Dermatologia e Rejuvenescimento","publisher":{"@id":"https:\/\/dermage.pt\/fr\/#organization"},"potentialAction":[{"@type":"SearchAction","target":{"@type":"EntryPoint","urlTemplate":"https:\/\/dermage.pt\/fr\/?s={search_term_string}"},"query-input":{"@type":"PropertyValueSpecification","valueRequired":true,"valueName":"search_term_string"}}],"inLanguage":"fr-FR"},{"@type":"Organization","@id":"https:\/\/dermage.pt\/fr\/#organization","name":"Cl\u00ednica DermAge","url":"https:\/\/dermage.pt\/fr\/","logo":{"@type":"ImageObject","inLanguage":"fr-FR","@id":"https:\/\/dermage.pt\/fr\/#\/schema\/logo\/image\/","url":"https:\/\/dermage.pt\/wp-content\/uploads\/logo-principal.svg","contentUrl":"https:\/\/dermage.pt\/wp-content\/uploads\/logo-principal.svg","width":1,"height":1,"caption":"Cl\u00ednica DermAge"},"image":{"@id":"https:\/\/dermage.pt\/fr\/#\/schema\/logo\/image\/"},"sameAs":["https:\/\/www.facebook.com\/ClinicaDermAge","https:\/\/www.instagram.com\/clinicadermage\/","https:\/\/www.youtube.com\/user\/videosDERMAGE"]}]}},"_links":{"self":[{"href":"https:\/\/dermage.pt\/fr\/wp-json\/wp\/v2\/pages\/7467","targetHints":{"allow":["GET"]}}],"collection":[{"href":"https:\/\/dermage.pt\/fr\/wp-json\/wp\/v2\/pages"}],"about":[{"href":"https:\/\/dermage.pt\/fr\/wp-json\/wp\/v2\/types\/page"}],"author":[{"embeddable":true,"href":"https:\/\/dermage.pt\/fr\/wp-json\/wp\/v2\/users\/3"}],"replies":[{"embeddable":true,"href":"https:\/\/dermage.pt\/fr\/wp-json\/wp\/v2\/comments?post=7467"}],"version-history":[{"count":3,"href":"https:\/\/dermage.pt\/fr\/wp-json\/wp\/v2\/pages\/7467\/revisions"}],"predecessor-version":[{"id":10141,"href":"https:\/\/dermage.pt\/fr\/wp-json\/wp\/v2\/pages\/7467\/revisions\/10141"}],"wp:featuredmedia":[{"embeddable":true,"href":"https:\/\/dermage.pt\/fr\/wp-json\/wp\/v2\/media\/5845"}],"wp:attachment":[{"href":"https:\/\/dermage.pt\/fr\/wp-json\/wp\/v2\/media?parent=7467"}],"curies":[{"name":"wp","href":"https:\/\/api.w.org\/{rel}","templated":true}]}}